{"id":50499,"date":"2022-03-23T23:30:49","date_gmt":"2022-03-23T22:30:49","guid":{"rendered":"https:\/\/desdropi.com\/elparque\/balanza-laica-ks1019-blanco-5kg-c-bol\/"},"modified":"2025-04-13T22:30:41","modified_gmt":"2025-04-13T20:30:41","slug":"balanza-laica-ks1019-blanco-5kg-c-bol","status":"publish","type":"product","link":"https:\/\/desdropi.com\/elparque\/balanza-laica-ks1019-blanco-5kg-c-bol\/","title":{"rendered":"Balanza Laica Ks1019  Blanco 5Kg C\/Bol"},"content":{"rendered":"<div class=\"descripcion-tab\">\n<ul>\n<li>Marca &#8211; Laica.<\/li>\n<li>Material &#8211; Pl\u00e1stico.<\/li>\n<li>Peso del producto &#8211; 0.53 Kilogramos.<\/li>\n<li>L\u00edmite de peso &#8211; 5 Kilogramos.<\/li>\n<li>Dimensiones del producto &#8211; largo x ancho x alto &#8211; 18 x 11 x 20 cent\u00edmetros.<\/li>\n<li>Balanza de cocina Laica KS1019 de gran precisi\u00f3n para un m\u00e1ximo de 5 kg. y con divisiones de 1 gramo.<\/li>\n<li>La balanza de cocina con BOL te facilitan la posibilidad de pesar l\u00edquidos y alimentos de todo tipo.<\/li>\n<li>Funci\u00f3n TARA: con la funci\u00f3n TARA podr\u00e1s pesar l\u00edquidos o mezclar varios alimentos. Es muy f\u00e1cil de usar; cuando pongas el recipiente pulsa &#8220;tara&#8221; y se pondr\u00e1 a cero, y as\u00ed cada vez que lo necesites.<\/li>\n<li>Imagina mezclar varios alimentos en el bol de una sola pesada, as\u00ed de f\u00e1cil.<\/li>\n<li>Muy f\u00e1cil de utilizar: se conecta autom\u00e1ticamente al poner algo sobre la balanza y se desconectan a los pocos segundos de utilizarla.<\/li>\n<\/ul>\n<\/div>\n","protected":false},"excerpt":{"rendered":"<p>Marca &#8211; Laica. Material &#8211; Pl\u00e1stico. Peso del producto &#8211; 0.53 Kilogramos. L\u00edmite de peso &#8211; 5 Kilogramos. Dimensiones del<\/p>\n","protected":false},"featured_media":133777,"comment_status":"open","ping_status":"closed","template":"","meta":{"_joinchat":[]},"product_cat":[5661,5662,5732],"product_tag":[],"class_list":{"0":"post-50499","1":"product","2":"type-product","3":"status-publish","4":"has-post-thumbnail","6":"product_cat-menaje","7":"product_cat-menaje-de-cocina","8":"product_cat-balanzas","9":"pa_marca-laica","11":"first","12":"instock","13":"taxable","14":"shipping-taxable","15":"purchasable","16":"product-type-simple"},"_links":{"self":[{"href":"https:\/\/desdropi.com\/elparque\/wp-json\/wp\/v2\/product\/50499"}],"collection":[{"href":"https:\/\/desdropi.com\/elparque\/wp-json\/wp\/v2\/product"}],"about":[{"href":"https:\/\/desdropi.com\/elparque\/wp-json\/wp\/v2\/types\/product"}],"replies":[{"embeddable":true,"href":"https:\/\/desdropi.com\/elparque\/wp-json\/wp\/v2\/comments?post=50499"}],"version-history":[{"count":1,"href":"https:\/\/desdropi.com\/elparque\/wp-json\/wp\/v2\/product\/50499\/revisions"}],"predecessor-version":[{"id":224630,"href":"https:\/\/desdropi.com\/elparque\/wp-json\/wp\/v2\/product\/50499\/revisions\/224630"}],"wp:featuredmedia":[{"embeddable":true,"href":"https:\/\/desdropi.com\/elparque\/wp-json\/wp\/v2\/media\/133777"}],"wp:attachment":[{"href":"https:\/\/desdropi.com\/elparque\/wp-json\/wp\/v2\/media?parent=50499"}],"wp:term":[{"taxonomy":"product_cat","embeddable":true,"href":"https:\/\/desdropi.com\/elparque\/wp-json\/wp\/v2\/product_cat?post=50499"},{"taxonomy":"product_tag","embeddable":true,"href":"https:\/\/desdropi.com\/elparque\/wp-json\/wp\/v2\/product_tag?post=50499"}],"curies":[{"name":"wp","href":"https:\/\/api.w.org\/{rel}","templated":true}]}}