{"id":50967,"date":"2022-03-28T22:18:17","date_gmt":"2022-03-28T21:18:17","guid":{"rendered":"https:\/\/desdropi.com\/elparque\/tensiometro-laica-bm1006-de-muneca\/"},"modified":"2025-04-13T20:28:35","modified_gmt":"2025-04-13T18:28:35","slug":"tensiometro-laica-bm1006-de-muneca","status":"publish","type":"product","link":"https:\/\/desdropi.com\/elparque\/tensiometro-laica-bm1006-de-muneca\/","title":{"rendered":"Tensiometro Laica Bm1006 De Mu\u00f1eca"},"content":{"rendered":"<div class=\"descripcion-tab\">\nEste dispositivo le permite medir r\u00e1pidamente su presi\u00f3n arterial en el hogar para que pueda monitorearla a diario.<br \/>\nPermite la medici\u00f3n r\u00e1pida de la presi\u00f3n arterial (sist\u00f3lica y diast\u00f3lica) y la frecuencia card\u00edaca e indica cualquier arritmia.<br \/>\nF\u00e1cil de usar, le permite controlar su presi\u00f3n arterial r\u00e1pidamente todos los d\u00edas, en el hogar.<\/p>\n<ul>\n<li>60 registros para 2 personas (120 registros)<\/li>\n<li>Funda pr\u00e1ctica incluida<\/li>\n<li>Gran pantalla LCD f\u00e1cil de leer<\/li>\n<\/ul>\n<p><strong>Dimensiones<\/strong><br \/>\n7.7 x 6.2 x 6.5 cm<\/p>\n<p><strong>Peso<\/strong><br \/>\n180 g<\/p>\n<p><strong>Componentes del producto<\/strong><br \/>\n1 esfigmoman\u00f3metro, 2 bater\u00edas, 1 bolsita, 1 manual de instrucciones<\/p>\n<p><strong>Capacidad de memorias<\/strong><br \/>\n60 x 2 (120 memories)<\/p>\n<p><strong>N\u00famero de usuarios<\/strong><br \/>\n2<\/p>\n<p><strong>LCD<\/strong><br \/>\n3.7 x 4.8 cm<\/p>\n<p><strong>Media de las medidas<\/strong><br \/>\nPromedio de las \u00faltimas 3 mediciones<\/p>\n<p><strong>Fecha y hora<\/strong><br \/>\nS\u00ed<\/p>\n<p><strong>Detecci\u00f3n de Arritmias<\/strong><br \/>\nS\u00ed<\/p>\n<p><strong>Tipo de alimentaci\u00f3n<\/strong><br \/>\n2 x 1.5V bater\u00edas alcalinas AA\n<\/div>\n","protected":false},"excerpt":{"rendered":"<p>Este dispositivo le permite medir r\u00e1pidamente su presi\u00f3n arterial en el hogar para que pueda monitorearla a diario. Permite la<\/p>\n","protected":false},"featured_media":133386,"comment_status":"open","ping_status":"closed","template":"","meta":{"_joinchat":[]},"product_cat":[7015,7018,825,6097],"product_tag":[],"class_list":{"0":"post-50967","1":"product","2":"type-product","3":"status-publish","4":"has-post-thumbnail","6":"product_cat-higiene-y-salud-cuidado-personal","7":"product_cat-tensiometros-higiene-y-salud-cuidado-personal","8":"product_cat-pequeno-electrodomestico","9":"product_cat-cuidado-personal","10":"pa_marca-laica","12":"first","13":"instock","14":"taxable","15":"shipping-taxable","16":"purchasable","17":"product-type-simple"},"_links":{"self":[{"href":"https:\/\/desdropi.com\/elparque\/wp-json\/wp\/v2\/product\/50967"}],"collection":[{"href":"https:\/\/desdropi.com\/elparque\/wp-json\/wp\/v2\/product"}],"about":[{"href":"https:\/\/desdropi.com\/elparque\/wp-json\/wp\/v2\/types\/product"}],"replies":[{"embeddable":true,"href":"https:\/\/desdropi.com\/elparque\/wp-json\/wp\/v2\/comments?post=50967"}],"version-history":[{"count":1,"href":"https:\/\/desdropi.com\/elparque\/wp-json\/wp\/v2\/product\/50967\/revisions"}],"predecessor-version":[{"id":224505,"href":"https:\/\/desdropi.com\/elparque\/wp-json\/wp\/v2\/product\/50967\/revisions\/224505"}],"wp:featuredmedia":[{"embeddable":true,"href":"https:\/\/desdropi.com\/elparque\/wp-json\/wp\/v2\/media\/133386"}],"wp:attachment":[{"href":"https:\/\/desdropi.com\/elparque\/wp-json\/wp\/v2\/media?parent=50967"}],"wp:term":[{"taxonomy":"product_cat","embeddable":true,"href":"https:\/\/desdropi.com\/elparque\/wp-json\/wp\/v2\/product_cat?post=50967"},{"taxonomy":"product_tag","embeddable":true,"href":"https:\/\/desdropi.com\/elparque\/wp-json\/wp\/v2\/product_tag?post=50967"}],"curies":[{"name":"wp","href":"https:\/\/api.w.org\/{rel}","templated":true}]}}