{"id":50977,"date":"2022-03-28T22:18:17","date_gmt":"2022-03-28T21:18:17","guid":{"rendered":"https:\/\/desdropi.com\/elparque\/jarra-filtrante-table-top-laica-j71aa-blanca-27l\/"},"modified":"2025-04-13T20:29:26","modified_gmt":"2025-04-13T18:29:26","slug":"jarra-filtrante-table-top-laica-j71aa-blanca-27l","status":"publish","type":"product","link":"https:\/\/desdropi.com\/elparque\/jarra-filtrante-table-top-laica-j71aa-blanca-27l\/","title":{"rendered":"Jarra Filtrante Table Top Laica J71Aa Blanca 2,7L"},"content":{"rendered":"<div class=\"descripcion-tab\">\nCon las <strong>jarras LAICA<\/strong>, vuelve a descubrir el buen sabor del agua en el hogar. Muchas veces el bienestar pasa por un simple gesto, que se realiza varias veces al d\u00eda, como beber un vaso de agua.<\/p>\n<p>El <strong>agua potable<\/strong> en el hogar (el agua del grifo) es muy c\u00f3moda de beber, siempre est\u00e1 cerca, simplemente <strong>abriendo el grifo<\/strong>. El agua del grifo est\u00e1 totalmente controlada y es segura, pero no siempre tiene un sabor agradable.<\/p>\n<p>Las jarras de filtraci\u00f3n LAICA mejoran <strong>el sabor y la calidad del agua<\/strong> en el hogar, manteniendo su seguridad sin cambios, de una manera f\u00e1cil y c\u00f3moda. LAICA ofrece una amplia gama de jarras filtrantes, desde la m\u00e1s simple hasta la m\u00e1s innovadora. Dedicamos una especial atenci\u00f3n al dise\u00f1o de las jarras, que se convierten en verdaderos objetos de decoraci\u00f3n para embellecer la mesa, sin renunciar a la practicidad. El agua filtrada con jarras LAICA es buena, segura para beber y siempre disponible en casa, ideal para la preparaci\u00f3n de bebidas fr\u00edas y calientes, as\u00ed como para cocinar.<\/p>\n<ul>\n<li>El filtro de agua laica mejora el sabor del agua, reduce las sustancias que alteran el sabor y el olor del agua como por ejemplo el cloro, la cal y otros elementos que pueden estar presentes en el agua.<\/li>\n<li>La jarra de agua filtrada tiene una apertura superior abatible para el llenado r\u00e1pido y sencillo. Se puede guardar en el compartimento de la puerta del frigor\u00edfico.<\/li>\n<li>Tiene un indicador electr\u00f3nico que nos indica cuando debemos de reemplazar el filtro. Cada filtro tiene una duraci\u00f3n de <strong>30 d\u00edas o 150 litros.<\/strong><\/li>\n<li><strong>Contenido del env\u00edo:<\/strong> 1 jarra filtrante Laica Table Top + 1 filtro Laica Bi-Flux \/ Jarra filtrante de agua con un volumen total de 2,7 L y un volumen de agua filtrada de 1,7 L.<\/li>\n<li>El sistema de filtraci\u00f3n Laica es una alternativa c\u00f3moda, rentable y respetuosa con el medio ambiente con relaci\u00f3n a las botellas de pl\u00e1stico de un solo uso. Todas las jarras y filtros Laica est\u00e1n<strong> libres de BPA<\/strong>.<\/li>\n<\/ul>\n<\/div>\n","protected":false},"excerpt":{"rendered":"<p>Con las jarras LAICA, vuelve a descubrir el buen sabor del agua en el hogar. Muchas veces el bienestar pasa<\/p>\n","protected":false},"featured_media":133395,"comment_status":"open","ping_status":"closed","template":"","meta":{"_joinchat":[]},"product_cat":[6529,5661,5662],"product_tag":[],"class_list":{"0":"post-50977","1":"product","2":"type-product","3":"status-publish","4":"has-post-thumbnail","6":"product_cat-jarras-de-agua-filtrante","7":"product_cat-menaje","8":"product_cat-menaje-de-cocina","9":"pa_marca-laica","11":"first","12":"instock","13":"taxable","14":"shipping-taxable","15":"purchasable","16":"product-type-simple"},"_links":{"self":[{"href":"https:\/\/desdropi.com\/elparque\/wp-json\/wp\/v2\/product\/50977"}],"collection":[{"href":"https:\/\/desdropi.com\/elparque\/wp-json\/wp\/v2\/product"}],"about":[{"href":"https:\/\/desdropi.com\/elparque\/wp-json\/wp\/v2\/types\/product"}],"replies":[{"embeddable":true,"href":"https:\/\/desdropi.com\/elparque\/wp-json\/wp\/v2\/comments?post=50977"}],"version-history":[{"count":1,"href":"https:\/\/desdropi.com\/elparque\/wp-json\/wp\/v2\/product\/50977\/revisions"}],"predecessor-version":[{"id":224507,"href":"https:\/\/desdropi.com\/elparque\/wp-json\/wp\/v2\/product\/50977\/revisions\/224507"}],"wp:featuredmedia":[{"embeddable":true,"href":"https:\/\/desdropi.com\/elparque\/wp-json\/wp\/v2\/media\/133395"}],"wp:attachment":[{"href":"https:\/\/desdropi.com\/elparque\/wp-json\/wp\/v2\/media?parent=50977"}],"wp:term":[{"taxonomy":"product_cat","embeddable":true,"href":"https:\/\/desdropi.com\/elparque\/wp-json\/wp\/v2\/product_cat?post=50977"},{"taxonomy":"product_tag","embeddable":true,"href":"https:\/\/desdropi.com\/elparque\/wp-json\/wp\/v2\/product_tag?post=50977"}],"curies":[{"name":"wp","href":"https:\/\/api.w.org\/{rel}","templated":true}]}}