{"id":50979,"date":"2022-03-28T22:18:17","date_gmt":"2022-03-28T21:18:17","guid":{"rendered":"https:\/\/desdropi.com\/elparque\/botella-de-filtracion-laica-b31aa03-vidrio-1-litro\/"},"modified":"2025-04-13T20:30:06","modified_gmt":"2025-04-13T18:30:06","slug":"botella-de-filtracion-laica-b31aa03-vidrio-1-litro","status":"publish","type":"product","link":"https:\/\/desdropi.com\/elparque\/botella-de-filtracion-laica-b31aa03-vidrio-1-litro\/","title":{"rendered":"Botella De Filtracion Laica B31Aa03 Vidrio 1 Litro"},"content":{"rendered":"<div class=\"descripcion-tab\">\n<ul>\n<li>La<strong> BOTELLA DE FILTRACI\u00d3N LAICA B31AA03<\/strong> es amigable con el medio ambiente. Al utilizar esta botella de filtraci\u00f3n, estar\u00e1s reduciendo la cantidad de botellas de pl\u00e1stico de un solo uso que terminan en los vertederos y oc\u00e9anos.<\/li>\n<li>El <strong>filtro<\/strong> de la la Botella de Filtraci\u00f3n es <strong>f\u00e1cil de reemplazar<\/strong>. Cuando llegue el momento de cambiar el filtro, simplemente c\u00f3mpralo por separado y reempl\u00e1zalo en la botella en unos pocos minutos.<\/li>\n<li>El filtro de la Botella de Filtraci\u00f3n no solo <strong>elimina el cloro y los metales pesados<\/strong> del agua, sino que tambi\u00e9n <strong>reduce el sabor y olor a cloro<\/strong>, lo que te permitir\u00e1 disfrutar de agua fresca y de sabor agradable.<\/li>\n<li><strong>Botella de cristal<\/strong> segura, reutilizable, duradera y apta para <strong>lavavajillas.<\/strong><\/li>\n<li><strong>Ahorro garantizado<\/strong> con <strong>1 filtro incluido<\/strong>: con 1 filtro Fast Disk puede filtrar hasta 120 litros de agua al mes.<\/li>\n<li>Dise\u00f1o compacto y elegante: forma adecuada para el almacenamiento en el<strong> frigor\u00edfico.<\/strong><\/li>\n<li><strong>Smart Filtration System:<\/strong> optimiza la duraci\u00f3n del filtro Fast Disk y recibe la <strong>notificaci\u00f3n autom\u00e1tica de sustituci\u00f3n<\/strong> a trav\u00e9s de la aplicaci\u00f3n gratuita Laica Home Wellness.<\/li>\n<li>100% fabricado en Italia + tap\u00f3n y filtro Fast Disk 100% <strong>libre de BPA.<\/strong><\/li>\n<\/ul>\n<p><strong>Tutorial<\/strong><\/p>\n<\/div>\n<div class=\"descripcion-tab\">\n<ol>\n<li>Descargue la aplicaci\u00f3n gratuita Laica Home Wellness.<\/li>\n<li>Escanea el c\u00f3digo QR en el paquete.<\/li>\n<li>Optimice la duraci\u00f3n del filtro FAST DISK.<\/li>\n<li>Retire el filtro de la bolsa y enju\u00e1guelo con agua fr\u00eda durante 30 segundos.<\/li>\n<li>Inserte el filtro en la tapa gir\u00e1ndolo en sentido horario.<\/li>\n<li>Llene la botella de vidrio GlaSSmart con agua.<\/li>\n<li>Atornille la tapa con el filtro FAST DISK.<\/li>\n<li>Vierta el agua filtrada instant\u00e1neamente en un vaso.<\/li>\n<li>Disfruta de un agua de buen sabor con total seguridad.<\/li>\n<\/ol>\n<\/div>\n","protected":false},"excerpt":{"rendered":"<p>La BOTELLA DE FILTRACI\u00d3N LAICA B31AA03 es amigable con el medio ambiente. Al utilizar esta botella de filtraci\u00f3n, estar\u00e1s reduciendo<\/p>\n","protected":false},"featured_media":133398,"comment_status":"open","ping_status":"closed","template":"","meta":{"_joinchat":[]},"product_cat":[6529,5661,5662],"product_tag":[],"class_list":{"0":"post-50979","1":"product","2":"type-product","3":"status-publish","4":"has-post-thumbnail","6":"product_cat-jarras-de-agua-filtrante","7":"product_cat-menaje","8":"product_cat-menaje-de-cocina","9":"pa_marca-laica","11":"first","12":"instock","13":"taxable","14":"shipping-taxable","15":"purchasable","16":"product-type-simple"},"_links":{"self":[{"href":"https:\/\/desdropi.com\/elparque\/wp-json\/wp\/v2\/product\/50979"}],"collection":[{"href":"https:\/\/desdropi.com\/elparque\/wp-json\/wp\/v2\/product"}],"about":[{"href":"https:\/\/desdropi.com\/elparque\/wp-json\/wp\/v2\/types\/product"}],"replies":[{"embeddable":true,"href":"https:\/\/desdropi.com\/elparque\/wp-json\/wp\/v2\/comments?post=50979"}],"version-history":[{"count":1,"href":"https:\/\/desdropi.com\/elparque\/wp-json\/wp\/v2\/product\/50979\/revisions"}],"predecessor-version":[{"id":224508,"href":"https:\/\/desdropi.com\/elparque\/wp-json\/wp\/v2\/product\/50979\/revisions\/224508"}],"wp:featuredmedia":[{"embeddable":true,"href":"https:\/\/desdropi.com\/elparque\/wp-json\/wp\/v2\/media\/133398"}],"wp:attachment":[{"href":"https:\/\/desdropi.com\/elparque\/wp-json\/wp\/v2\/media?parent=50979"}],"wp:term":[{"taxonomy":"product_cat","embeddable":true,"href":"https:\/\/desdropi.com\/elparque\/wp-json\/wp\/v2\/product_cat?post=50979"},{"taxonomy":"product_tag","embeddable":true,"href":"https:\/\/desdropi.com\/elparque\/wp-json\/wp\/v2\/product_tag?post=50979"}],"curies":[{"name":"wp","href":"https:\/\/api.w.org\/{rel}","templated":true}]}}