{"id":50988,"date":"2022-03-28T22:18:47","date_gmt":"2022-03-28T21:18:47","guid":{"rendered":"https:\/\/desdropi.com\/elparque\/jarra-de-agua-filtrante-laica-j996-6-filtros-biflux\/"},"modified":"2025-04-13T20:40:13","modified_gmt":"2025-04-13T18:40:13","slug":"jarra-de-agua-filtrante-laica-j996-6-filtros-biflux","status":"publish","type":"product","link":"https:\/\/desdropi.com\/elparque\/jarra-de-agua-filtrante-laica-j996-6-filtros-biflux\/","title":{"rendered":"Jarra De Agua Filtrante Laica J996 + 6 Filtros Biflux"},"content":{"rendered":"<div class=\"descripcion-tab\">\n<ul>\n<li>Marca &#8211; \u200eLaica<\/li>\n<li>N\u00famero de modelo &#8211; \u200eJ996<\/li>\n<li>Color \u200eBlanco<\/li>\n<li>Dimensiones del paquete \u200e32.1 x 28.9 x 18.1 cm; 1.27 kilogramos<\/li>\n<li>Capacidad &#8211; \u200e2.3 Litros<\/li>\n<li>Material &#8211; \u200ePl\u00e1stico, Carbono y resina (filtros)<\/li>\n<li>Caracter\u00edsticas especiales &#8211; \u200eJuego de 6 filtros Bi-Flux con jarra de filtraci\u00f3n. Capacidad: 2.3 L (1.2 L filtrado). Caracter\u00edsticas de la jarra : tapa con dispositivo Flow &#8220;n&#8221; go: permite un llenado r\u00e1pido directamente bajo el grifo de casa. El indicador electr\u00f3nico recuerda cu\u00e1ndo es el momento de cambiar el cartucho. Apto para lavavajillas (excepto tapa). Se puede guardar en la nevera.<\/li>\n<li>Peso del producto &#8211; \u200e1.27 kg.<\/li>\n<li>El filtro de agua laica mejora el sabor del agua, reduce las sustancias que alteran el sabor y el olor del agua como por ejemplo el cloro, la cal y otros elementos que pueden estar presentes en el agua.<\/li>\n<li>La jarra de agua filtrada tiene una apertura superior abatible para el llenado r\u00e1pido y sencillo. Se puede guardar en el compartimento de la puerta del frigor\u00edfico.<\/li>\n<li>Tiene un indicador electr\u00f3nico que nos indica cuando debemos de reemplazar el filtro. Cada filtro tiene una duraci\u00f3n de 30 d\u00edas o 150 litros.<\/li>\n<li>Contenido del env\u00edo: 1 jarra filtrante Laica Stream Line + 6 filtros Laica Bi-Flux \/ Jarra filtrante de agua con un volumen total de 2,3 L y un volumen de agua filtrada de 1,2L.<\/li>\n<li>El sistema de filtraci\u00f3n Laica es una alternativa c\u00f3moda, rentable y respetuosa con el medio ambiente con relaci\u00f3n a las botellas de pl\u00e1stico de un solo uso. Todas las jarras y filtros Laica est\u00e1n libres de BPA.<\/li>\n<\/ul>\n<p><img decoding=\"async\" class=\"\" src=\"https:\/\/m.media-amazon.com\/images\/S\/aplus-media\/vc\/9ebc808b-5eb5-4dc4-93c8-bc3322dcc6cd.__CR0,0,300,300_PT0_SX300_V1___.jpg\" alt=\"filtro biflux\" width=\"200\" height=\"200\" \/><\/p>\n<p class=\"a-spacing-mini\"><strong>1 cartucho = 1 mes de agua filtrada<\/strong><\/p>\n<p class=\"a-spacing-base\">El cartucho LAICA bi-flux filtra el agua del grifo, mejorando su sabor y reduciendo las sustancias no deseadas que puedan estar presentes. El filtro\u00a0<span class=\"a-text-bold\">se fabrica en Italia<\/span>\u00a0y est\u00e1 compuesto de carb\u00f3n activado de plata y resinas de intercambio i\u00f3nico. Los carbones activados reducen el cloro y sus derivados. Las resinas de intercambio i\u00f3nico reducen los metales pesados.<\/p>\n<p><strong>Experiencia Laica<\/strong><\/p>\n<p class=\"a-spacing-base\">Al utilizar un sistema de filtraci\u00f3n dom\u00e9stico, una familia puede<span class=\"a-text-bold\">\u00a0reducir significativamente su impacto ambiental<\/span>\u00a0dado por el consumo de botellas de pl\u00e1stico desechables, sin renunciar a beber agua con buen sabor.<\/p>\n<p><strong>Conservan las sales minerales y reducen:<\/strong><\/p>\n<ul class=\"a-unordered-list a-vertical\">\n<li><span class=\"a-list-item\"><span class=\"a-size-base\">Dureza<\/span><\/span><\/li>\n<li><span class=\"a-list-item\"><span class=\"a-size-base\">Metales pesados<\/span><\/span><\/li>\n<li><span class=\"a-list-item\"><span class=\"a-size-base\">Cloro<\/span><\/span><\/li>\n<li><span class=\"a-list-item\"><span class=\"a-size-base\">Contaminantes de productos qu\u00edmicos<\/span><\/span><\/li>\n<li><span class=\"a-list-item\"><span class=\"a-size-base\">Trialometanos<\/span><\/span><\/li>\n<li><span class=\"a-list-item\"><span class=\"a-size-base\">Algunos pesticidas y herbicidas clorados<\/span><\/span><\/li>\n<\/ul>\n<p class=\"a-spacing-small a-size-small\">En el caso de que est\u00e9n presentes en el agua del grifo.<\/p>\n<p><img decoding=\"async\" class=\"alignnone\" src=\"https:\/\/m.media-amazon.com\/images\/S\/aplus-media\/vc\/59c61a11-6e1c-47ef-beca-e5bd3f87d97b.__CR0,0,300,300_PT0_SX300_V1___.jpg\" alt=\"mam\u00e1 vierte el agua de la jarra en el vaso\" width=\"200\" height=\"200\" \/><\/p>\n<p class=\"a-spacing-mini\"><strong>Las ventajas del agua del grifo<\/strong><\/p>\n<p>Elegir agua del grifo tiene tres ventajas principales:<\/p>\n<ul>\n<li><span class=\"a-list-item\"><span class=\"a-text-italic\">Ahorro<\/span>: el agua de la red es<span class=\"a-text-bold\">\u00a0segura y muy econ\u00f3mica<\/span>, lo que permite que cualquier familia pueda usar el agua para beber sin tener un costo alto.<\/span><\/li>\n<li><span class=\"a-list-item\"><span class=\"a-text-italic\">Comodidad<\/span>: optar por consumir agua del grifo significa tambi\u00e9n ahorro energ\u00e9tico: menos visitas al supermercado, menos peso para cargar, menos esfuerzo para llevar la compra a casa.<\/span><\/li>\n<li><span class=\"a-list-item\"><span class=\"a-text-italic\">Respeto\u00a0<\/span>por el medio ambiente: La elecci\u00f3n de beber agua km0 que fluye del grifo de casa no implica\u00a0<span class=\"a-text-bold\">casi ning\u00fan impacto<\/span>\u00a0en el medio ambiente: cada gesto cuenta en el d\u00eda a d\u00eda, hasta el m\u00e1s peque\u00f1o y sencillo.<\/span><\/li>\n<li>La elecci\u00f3n de equipos de filtraci\u00f3n para uso dom\u00e9stico introduce numerosas ventajas en nuestra vida diaria, permiti\u00e9ndonos disponer siempre y c\u00f3modamente de\u00a0<span class=\"a-text-bold\">agua segura<\/span>\u00a0y\u00a0<span class=\"a-text-bold\">con un buen sabor.<\/span><\/li>\n<\/ul>\n<p><img decoding=\"async\" class=\"\" src=\"https:\/\/m.media-amazon.com\/images\/S\/aplus-media\/vc\/cb57f334-4d52-4403-a51a-c0e965ce3e3a.__CR0,0,220,220_PT0_SX220_V1___.jpg\" alt=\"cartucho LAICA bi-flux\" width=\"200\" height=\"200\" \/><\/p>\n<p class=\"a-spacing-mini\"><strong>100% Made in Italy<\/strong><\/p>\n<p class=\"a-size-small\">El cartucho LAICA bi-flux est\u00e1 dise\u00f1ado y fabricado\u00a0<span class=\"a-text-bold\">\u00edntegramente en Italia<\/span>\u00a0para ofrecer la mejor filtraci\u00f3n con el m\u00e1s alto nivel de\u00a0<span class=\"a-text-bold\">calidad\u00a0<\/span>y\u00a0<span class=\"a-text-bold\">seguridad<\/span>. Gracias a la experiencia de Laica en el campo de la filtraci\u00f3n, hoy en d\u00eda unos sencillos pasos son suficientes para beber<span class=\"a-text-bold\">\u00a0agua con buen sabor.<\/span><\/p>\n<p><img loading=\"lazy\" decoding=\"async\" class=\"\" src=\"https:\/\/m.media-amazon.com\/images\/S\/aplus-media\/vc\/7991911c-96dd-471e-91f7-8ae0c71b72fa.__CR0,0,220,220_PT0_SX220_V1___.jpg\" alt=\"Laica para el medio ambiente\" width=\"200\" height=\"200\" \/><\/p>\n<p class=\"a-spacing-mini\"><strong>Laica para el medio ambiente<\/strong><\/p>\n<p class=\"a-size-small\">LAICA SpA se compromete d\u00eda a d\u00eda a la\u00a0<span class=\"a-text-bold\">reducci\u00f3n del impacto medioambiental<\/span>\u00a0de sus envases, intentando adoptar un comportamiento\u00a0<span class=\"a-text-bold\">responsable\u00a0<\/span>y\u00a0<span class=\"a-text-bold\">\u00e9tico\u00a0<\/span>hacia una mayor sostenibilidad medioambiental. Al utilizar cartuchos bi-flux,\u00a0<span class=\"a-text-bold\">reduce\u00a0<\/span>el consumo de botellas de\u00a0<span class=\"a-text-bold\">pl\u00e1stico<\/span>.<\/p>\n<p><img loading=\"lazy\" decoding=\"async\" class=\"\" src=\"https:\/\/m.media-amazon.com\/images\/S\/aplus-media\/vc\/5185d3c5-c697-4d2a-9255-befe74ff97be.__CR0,0,220,220_PT0_SX220_V1___.jpg\" alt=\"filtro\" width=\"200\" height=\"200\" \/><\/p>\n<p class=\"a-spacing-mini\"><strong>Sencillo de activar<\/strong><\/p>\n<p class=\"a-size-small\">Saque el filtro del paquete y sum\u00e9rjalo durante 15min en agua fr\u00eda, mientras lo sumerge, ag\u00edtelo para que salga el aire. luego inserte el cartucho en la carcasa adecuada, llene y vac\u00ede la jarra 3 veces (\u00a1puede usar el agua para regar las plantas!). Finalmente, su jarra est\u00e1 lista para usar.<\/p>\n<p><img loading=\"lazy\" decoding=\"async\" class=\"\" src=\"https:\/\/m.media-amazon.com\/images\/S\/aplus-media\/vc\/f9bffd7a-5c8c-4037-8e06-ad0cb6a41213.__CR0,0,220,220_PT0_SX220_V1___.jpg\" alt=\"gama jarras LAICA\" width=\"200\" height=\"200\" \/><\/p>\n<p class=\"a-spacing-mini\"><strong>Para todas las jarras LAICA<\/strong><\/p>\n<p>LAICA presenta una\u00a0<span class=\"a-text-bold\">amplia gama\u00a0<\/span>de jarras con un estilo \u00fanico e innovador que se adaptan a cada tipo de necesidad. El cartucho bi-flux es\u00a0<span class=\"a-text-bold\">compatible\u00a0<\/span>con\u00a0<span class=\"a-text-bold\">todas\u00a0<\/span>las\u00a0<span class=\"a-text-bold\">jarras\u00a0<\/span>LAICA<\/p>\n<p><span class=\"a-text-italic\">*excepto para los modelos LAICA de flujo m\u00faltiple*<\/span>\n<\/div>\n","protected":false},"excerpt":{"rendered":"<p>Marca &#8211; \u200eLaica N\u00famero de modelo &#8211; \u200eJ996 Color \u200eBlanco Dimensiones del paquete \u200e32.1 x 28.9 x 18.1 cm; 1.27<\/p>\n","protected":false},"featured_media":133447,"comment_status":"open","ping_status":"closed","template":"","meta":{"_joinchat":[]},"product_cat":[6529,5661,5662],"product_tag":[],"class_list":{"0":"post-50988","1":"product","2":"type-product","3":"status-publish","4":"has-post-thumbnail","6":"product_cat-jarras-de-agua-filtrante","7":"product_cat-menaje","8":"product_cat-menaje-de-cocina","9":"pa_marca-laica","11":"first","12":"instock","13":"taxable","14":"shipping-taxable","15":"purchasable","16":"product-type-simple"},"_links":{"self":[{"href":"https:\/\/desdropi.com\/elparque\/wp-json\/wp\/v2\/product\/50988"}],"collection":[{"href":"https:\/\/desdropi.com\/elparque\/wp-json\/wp\/v2\/product"}],"about":[{"href":"https:\/\/desdropi.com\/elparque\/wp-json\/wp\/v2\/types\/product"}],"replies":[{"embeddable":true,"href":"https:\/\/desdropi.com\/elparque\/wp-json\/wp\/v2\/comments?post=50988"}],"version-history":[{"count":1,"href":"https:\/\/desdropi.com\/elparque\/wp-json\/wp\/v2\/product\/50988\/revisions"}],"predecessor-version":[{"id":224518,"href":"https:\/\/desdropi.com\/elparque\/wp-json\/wp\/v2\/product\/50988\/revisions\/224518"}],"wp:featuredmedia":[{"embeddable":true,"href":"https:\/\/desdropi.com\/elparque\/wp-json\/wp\/v2\/media\/133447"}],"wp:attachment":[{"href":"https:\/\/desdropi.com\/elparque\/wp-json\/wp\/v2\/media?parent=50988"}],"wp:term":[{"taxonomy":"product_cat","embeddable":true,"href":"https:\/\/desdropi.com\/elparque\/wp-json\/wp\/v2\/product_cat?post=50988"},{"taxonomy":"product_tag","embeddable":true,"href":"https:\/\/desdropi.com\/elparque\/wp-json\/wp\/v2\/product_tag?post=50988"}],"curies":[{"name":"wp","href":"https:\/\/api.w.org\/{rel}","templated":true}]}}