{"id":53189,"date":"2022-04-12T12:09:15","date_gmt":"2022-04-12T11:09:15","guid":{"rendered":"https:\/\/desdropi.com\/elparque\/?post_type=product&#038;p=53189"},"modified":"2024-05-18T23:26:47","modified_gmt":"2024-05-18T21:26:47","slug":"humidificador-cecotec-pure-aroma-300-yang-05282-madera","status":"publish","type":"product","link":"https:\/\/desdropi.com\/elparque\/humidificador-cecotec-pure-aroma-300-yang-05282-madera\/","title":{"rendered":"Humidificador Cecotec Pure Aroma 150 Yang 05282 Madera"},"content":{"rendered":"<div class=\"descripcion-tab\">\n<p><strong>Cecotec Pure Aroma 150 Yang: <\/strong>Humidificador ultras\u00f3nico y difusor de aroma 300 ml. Temporizador 6 horas. 7 colores led. Funci\u00f3n aromaterapia. Ultrasilencioso.<\/p>\n<ul>\n<li>Humidificador ultras\u00f3nico ayuda a reducir la sequedad ambiental gracias a su caudal de vapor fr\u00edo y continuo.<\/li>\n<li>Este humidificador es a su vez un magn\u00edfico difusor de aromas que te ayudar\u00e1 a mantener un estupendo olor y ambiente en tu hogar.<\/li>\n<li>Cuenta con un gran dep\u00f3sito de 300 ml de capacidad.<\/li>\n<li>Temporizador de hasta 6 horas, una vez acabadas se apaga autom\u00e1ticamente.<\/li>\n<li>7 colores Led con control manual y autom\u00e1tico. Pudiendo ser utilizado como una luz nocturna. Cada color es ajustable de brillante a tenue.<\/li>\n<li>Apto para estancias de hasta 15 m\u00b2.<\/li>\n<li>V\u00e1lido para aromaterapia, ya que los aceites esenciales act\u00faan sobre el organismo hasta llegar a nuestro sistema nervioso. Gracias a su funci\u00f3n de aromaterapia podr\u00e1s combatir numerosos problemas de salud y reducir sus s\u00edntomas.<\/li>\n<li>Elegante dise\u00f1o color madera que se adapta a cualquier estancia.<\/li>\n<li>Extremadamente silencioso gracias a su tecnolog\u00eda ultras\u00f3nica. Al no emitir ruidos molestos es el complemento perfecto para los beb\u00e9s.<\/li>\n<\/ul>\n<p><strong>Composici\u00f3n:<\/strong><\/p>\n<ul>\n<li>Pure Aroma 300 Yang.<\/li>\n<li>Adaptador de corriente.<\/li>\n<li>Manual de instrucciones.<\/li>\n<\/ul>\n<\/div>\n","protected":false},"excerpt":{"rendered":"<p>Cecotec Pure Aroma 150 Yang: Humidificador ultras\u00f3nico y difusor de aroma 300 ml. Temporizador 6 horas. 7 colores led. Funci\u00f3n<\/p>\n","protected":false},"featured_media":133584,"comment_status":"open","ping_status":"closed","template":"","meta":{"_joinchat":[]},"product_cat":[6576,6577,3301],"product_tag":[],"class_list":{"0":"post-53189","1":"product","2":"type-product","3":"status-publish","4":"has-post-thumbnail","6":"product_cat-ambiente","7":"product_cat-humidificadores-ambiente","8":"product_cat-climatizacion-y-calefaccion","9":"pa_marca-cecotec","11":"first","12":"instock","13":"taxable","14":"shipping-taxable","15":"purchasable","16":"product-type-simple"},"_links":{"self":[{"href":"https:\/\/desdropi.com\/elparque\/wp-json\/wp\/v2\/product\/53189"}],"collection":[{"href":"https:\/\/desdropi.com\/elparque\/wp-json\/wp\/v2\/product"}],"about":[{"href":"https:\/\/desdropi.com\/elparque\/wp-json\/wp\/v2\/types\/product"}],"replies":[{"embeddable":true,"href":"https:\/\/desdropi.com\/elparque\/wp-json\/wp\/v2\/comments?post=53189"}],"version-history":[{"count":0,"href":"https:\/\/desdropi.com\/elparque\/wp-json\/wp\/v2\/product\/53189\/revisions"}],"wp:featuredmedia":[{"embeddable":true,"href":"https:\/\/desdropi.com\/elparque\/wp-json\/wp\/v2\/media\/133584"}],"wp:attachment":[{"href":"https:\/\/desdropi.com\/elparque\/wp-json\/wp\/v2\/media?parent=53189"}],"wp:term":[{"taxonomy":"product_cat","embeddable":true,"href":"https:\/\/desdropi.com\/elparque\/wp-json\/wp\/v2\/product_cat?post=53189"},{"taxonomy":"product_tag","embeddable":true,"href":"https:\/\/desdropi.com\/elparque\/wp-json\/wp\/v2\/product_tag?post=53189"}],"curies":[{"name":"wp","href":"https:\/\/api.w.org\/{rel}","templated":true}]}}