{"id":53196,"date":"2022-04-12T12:10:49","date_gmt":"2022-04-12T11:10:49","guid":{"rendered":"https:\/\/desdropi.com\/elparque\/?post_type=product&#038;p=53196"},"modified":"2025-04-14T09:30:40","modified_gmt":"2025-04-14T07:30:40","slug":"humidificador-cecotec-pure-aroma-300-yin-05283-negro","status":"publish","type":"product","link":"https:\/\/desdropi.com\/elparque\/humidificador-cecotec-pure-aroma-300-yin-05283-negro\/","title":{"rendered":"Humidificador Cecotec Pure Aroma 300 Yin 05283 Negro"},"content":{"rendered":"<div class=\"descripcion-tab\">\n<p><strong>Cecotec Pure Aroma 300 Yin: <\/strong>Humidificador ultras\u00f3nico y difusor de aroma 300 ml. Temporizador 6 horas. 7 colores led. Funci\u00f3n aromaterapia. Ultrasilencioso.<\/p>\n<ul>\n<li>Humidificador ultras\u00f3nico ayuda a reducir la sequedad ambiental gracias a su caudal de vapor fr\u00edo y continuo.<\/li>\n<li>Este humidificador es a su vez un magn\u00edfico difusor de aromas que te ayudar\u00e1 a mantener un estupendo olor y ambiente en tu hogar.<\/li>\n<li>Cuenta con un gran dep\u00f3sito de 300 ml de capacidad.<\/li>\n<li>Temporizador de hasta 6 horas &#8211; una vez acabadas se apaga autom\u00e1ticamente.<\/li>\n<li>7 colores Led con control manual y autom\u00e1tico &#8211; Pudiendo ser utilizado como una luz nocturna. Cada color es ajustable de brillante a tenue.<\/li>\n<li>Apto para estancias de hasta &#8211; 15 m\u00b2.<\/li>\n<li>V\u00e1lido para aromaterapia &#8211; ya que los aceites esenciales act\u00faan sobre el organismo hasta llegar a nuestro sistema nervioso. Gracias a su funci\u00f3n de aromaterapia podr\u00e1s combatir numerosos problemas de salud y reducir sus s\u00edntomas.<\/li>\n<li>Elegante dise\u00f1o color madera que se adapta a cualquier estancia.<\/li>\n<li>Extremadamente silencioso gracias a su tecnolog\u00eda ultras\u00f3nica &#8211; Al no emitir ruidos molestos es el complemento perfecto para los beb\u00e9s.<\/li>\n<\/ul>\n<p><strong>Composici\u00f3n:<\/strong><\/p>\n<ul>\n<li>Humidificador ultras\u00f3nico<\/li>\n<li>Transformador de corriente<\/li>\n<li>Vaso dispensador<\/li>\n<li>Manual de instrucciones<\/li>\n<\/ul>\n<\/div>\n","protected":false},"excerpt":{"rendered":"<p>Cecotec Pure Aroma 300 Yin: Humidificador ultras\u00f3nico y difusor de aroma 300 ml. Temporizador 6 horas. 7 colores led. Funci\u00f3n<\/p>\n","protected":false},"featured_media":133587,"comment_status":"open","ping_status":"closed","template":"","meta":{"_joinchat":[]},"product_cat":[6576,6577,3301],"product_tag":[],"class_list":{"0":"post-53196","1":"product","2":"type-product","3":"status-publish","4":"has-post-thumbnail","6":"product_cat-ambiente","7":"product_cat-humidificadores-ambiente","8":"product_cat-climatizacion-y-calefaccion","9":"pa_marca-cecotec","11":"first","12":"instock","13":"taxable","14":"shipping-taxable","15":"purchasable","16":"product-type-simple"},"_links":{"self":[{"href":"https:\/\/desdropi.com\/elparque\/wp-json\/wp\/v2\/product\/53196"}],"collection":[{"href":"https:\/\/desdropi.com\/elparque\/wp-json\/wp\/v2\/product"}],"about":[{"href":"https:\/\/desdropi.com\/elparque\/wp-json\/wp\/v2\/types\/product"}],"replies":[{"embeddable":true,"href":"https:\/\/desdropi.com\/elparque\/wp-json\/wp\/v2\/comments?post=53196"}],"version-history":[{"count":1,"href":"https:\/\/desdropi.com\/elparque\/wp-json\/wp\/v2\/product\/53196\/revisions"}],"predecessor-version":[{"id":224560,"href":"https:\/\/desdropi.com\/elparque\/wp-json\/wp\/v2\/product\/53196\/revisions\/224560"}],"wp:featuredmedia":[{"embeddable":true,"href":"https:\/\/desdropi.com\/elparque\/wp-json\/wp\/v2\/media\/133587"}],"wp:attachment":[{"href":"https:\/\/desdropi.com\/elparque\/wp-json\/wp\/v2\/media?parent=53196"}],"wp:term":[{"taxonomy":"product_cat","embeddable":true,"href":"https:\/\/desdropi.com\/elparque\/wp-json\/wp\/v2\/product_cat?post=53196"},{"taxonomy":"product_tag","embeddable":true,"href":"https:\/\/desdropi.com\/elparque\/wp-json\/wp\/v2\/product_tag?post=53196"}],"curies":[{"name":"wp","href":"https:\/\/api.w.org\/{rel}","templated":true}]}}