{"id":57197,"date":"2022-05-09T22:20:12","date_gmt":"2022-05-09T21:20:12","guid":{"rendered":"https:\/\/desdropi.com\/elparque\/aire-acondicionado-split-mitsubishi-mszdw35vf-2924f-a\/"},"modified":"2024-05-18T12:45:46","modified_gmt":"2024-05-18T10:45:46","slug":"aire-acondicionado-split-mitsubishi-mszdw35vf-2924f-a","status":"publish","type":"product","link":"https:\/\/desdropi.com\/elparque\/aire-acondicionado-split-mitsubishi-mszdw35vf-2924f-a\/","title":{"rendered":"Aire Acondicionado Split Mitsubishi Mszdw35Vf 2924F A++"},"content":{"rendered":"<div class=\"descripcion-tab\">\n<p><strong>Eficiencia Energ\u00e9tica (Escala A a D) \u2013 A ++<\/strong><\/p>\n<p><strong>Eficiencia Energ\u00e9tica (Escala A a G) \u2013 E<\/strong><\/p>\n<ul>\n<li>La m\u00e1s avanzada tecnolog\u00eda japonesa de compresores exclusiva de Mitsubishi Electric permite ofrecer una\u00a0clasificaci\u00f3n energ\u00e9tica de A++.<\/li>\n<li>De esta manera la MSZ-DW ofrece el m\u00e1ximo confort con el m\u00ednimo consumo el\u00e9ctrico. Adem\u00e1s, incorpora funciones inteligentes para el ahorro energ\u00e9tico como el\u00a0modo Econo Cool\u00a0capaz de ajustar<\/li>\n<li>La cantidad de aire dirigido al cuerpo en funci\u00f3n de la temperatura de salida del aire. De esta manera, la unidad puede reajustar la temperatura hasta 2\u00baC sin p\u00e9rdida de confort y mejorando un 20% la eficiencia energ\u00e9tica.<\/li>\n<li>Mitsubishi MSZ-DW35VF, aire de pared 1\u00d71,\u00a0mono split\u00a0de instalaci\u00f3n mural.\u00a0Serie MSZ-DW\u00a0\u00a0de Gama\u00a0Dom\u00e9stica.<\/li>\n<\/ul>\n<p><strong>Combinaci\u00f3n formada por:<\/strong><\/p>\n<ul>\n<li>Unidad interior MSZ-DW35VF<\/li>\n<li>Unidad exterior MUZ-DW35VF<\/li>\n<li>Mando a distancia<\/li>\n<\/ul>\n<p><strong>Eficiencia energ\u00e9tica A++ para un menor consumo<\/strong><\/p>\n<ul>\n<li>De esta manera la MSZ-DW ofrece el\u00a0m\u00e1ximo confort\u00a0con el\u00a0m\u00ednimo consumo el\u00e9ctrico.<\/li>\n<li>Adem\u00e1s, incorpora funciones inteligentes para el ahorro energ\u00e9tico como el modo\u00a0Econo Cool\u00a0capaz de ajustar la cantidad de aire dirigido al cuerpo en funci\u00f3n de la temperatura de salida del aire.<\/li>\n<li>De esta manera, la unidad puede reajustar la temperatura hasta 2\u00baC sin p\u00e9rdida de confort y\u00a0mejorando un 20% la eficiencia\u00a0energ\u00e9tica.<\/li>\n<\/ul>\n<p><strong>Filtro de aire Purificador<\/strong><\/p>\n<ul>\n<li>Cuenta con el\u00a0Filtro de Aire Purificador\u00a0capaz de\u00a0capturar part\u00edculas\u00a0en suspensi\u00f3n como el\u00a0polvo y pelos de mascota, proporcionando as\u00ed un aire interior m\u00e1s limpio y saludable.<\/li>\n<li>Adem\u00e1s, puedes mejorar el sistema de filtrado incorporando el accesorio \u201cPlasma Quad Connect\u201d capaz de inhibir el 99,8% del SARS-CoV-2.<\/li>\n<\/ul>\n<p><strong>Control WiFi<\/strong><\/p>\n<ul>\n<li>La nueva\u00a0MSZ-DW es compatible con el control WiFi\u00a0de manera opcional.<\/li>\n<li>Permite controlar la unidad desde cualquier dispositivo m\u00f3vil o tablet, mediante la app del\u00a0MELCloud\u00a0exclusivo de Mitsubishi Electric.<\/li>\n<li>MELCloud ofrece control en tiempo real, escenas y programaciones horarias semanales que proporcionan una completa flexibilidad.<\/li>\n<li>Controla varios sistemas de aire acondicionado, calefacci\u00f3n o recuperaci\u00f3n de calor de Mitsubishi Electric desde un solo dispositivo o ubicaci\u00f3n.<\/li>\n<\/ul>\n<p><strong>Adaptador WiFi<\/strong><\/p>\n<ul>\n<li>MAC-567IF\u00a0(hasta finalizar existencias).<br \/>\nMAC-587IF (consultar disponibilidad).<\/li>\n<li>APP MELCloud disponible tanto para Android (Google Play) como para IOS (APP Store).<\/li>\n<\/ul>\n<p><strong>Conexi\u00f3n con sistemas MultiSplit<\/strong><\/p>\n<ul>\n<li>Las unidades MSZ-DW25VF y MSZ-DW35VF son compatibles con las unidades exteriores para\u00a0combinaciones multi-split\u00a0MXZ-HA.<\/li>\n<\/ul>\n<\/div>\n","protected":false},"excerpt":{"rendered":"<p><span style=\"color: #ff0000;\"><strong>Instalaci\u00f3n hasta 3 m sin canaleta incluida<\/strong><\/span><\/p>\n","protected":false},"featured_media":170093,"comment_status":"open","ping_status":"closed","template":"","meta":{"_joinchat":[]},"product_cat":[6573,6574,7066,3301],"product_tag":[],"class_list":{"0":"post-57197","1":"product","2":"type-product","3":"status-publish","4":"has-post-thumbnail","6":"product_cat-aires-acondicionados","7":"product_cat-split-aires-acondicionados","8":"product_cat-2000-3000-4500-frigorias","9":"product_cat-climatizacion-y-calefaccion","10":"pa_marca-mitsubishi","12":"first","13":"instock","14":"sale","15":"taxable","16":"shipping-taxable","17":"purchasable","18":"product-type-simple"},"_links":{"self":[{"href":"https:\/\/desdropi.com\/elparque\/wp-json\/wp\/v2\/product\/57197"}],"collection":[{"href":"https:\/\/desdropi.com\/elparque\/wp-json\/wp\/v2\/product"}],"about":[{"href":"https:\/\/desdropi.com\/elparque\/wp-json\/wp\/v2\/types\/product"}],"replies":[{"embeddable":true,"href":"https:\/\/desdropi.com\/elparque\/wp-json\/wp\/v2\/comments?post=57197"}],"version-history":[{"count":0,"href":"https:\/\/desdropi.com\/elparque\/wp-json\/wp\/v2\/product\/57197\/revisions"}],"wp:featuredmedia":[{"embeddable":true,"href":"https:\/\/desdropi.com\/elparque\/wp-json\/wp\/v2\/media\/170093"}],"wp:attachment":[{"href":"https:\/\/desdropi.com\/elparque\/wp-json\/wp\/v2\/media?parent=57197"}],"wp:term":[{"taxonomy":"product_cat","embeddable":true,"href":"https:\/\/desdropi.com\/elparque\/wp-json\/wp\/v2\/product_cat?post=57197"},{"taxonomy":"product_tag","embeddable":true,"href":"https:\/\/desdropi.com\/elparque\/wp-json\/wp\/v2\/product_tag?post=57197"}],"curies":[{"name":"wp","href":"https:\/\/api.w.org\/{rel}","templated":true}]}}