{"id":57411,"date":"2022-05-10T22:28:27","date_gmt":"2022-05-10T21:28:27","guid":{"rendered":"https:\/\/desdropi.com\/elparque\/ventilador-techo-westinghouse-72417-colosseum-90cm-m-d-gris-plata\/"},"modified":"2025-04-13T23:09:08","modified_gmt":"2025-04-13T21:09:08","slug":"ventilador-techo-westinghouse-72417-colosseum-90cm-m-d-gris-plata","status":"publish","type":"product","link":"https:\/\/desdropi.com\/elparque\/ventilador-techo-westinghouse-72417-colosseum-90cm-m-d-gris-plata\/","title":{"rendered":"Ventilador Techo Westinghouse 72417 Colosseum 90Cm  M.D Gris Plata"},"content":{"rendered":"<div class=\"descripcion-tab\">\n<ul>\n<li><strong>Colosseum Ventilador de techo Westinghouse:<\/strong>El modelo 72417 Colosseum agrega un estilo sofisticado a cualquier espacio. Este ventildor incluye un juego de luces LED regulables para un ahorro de energ\u00eda excepcional y un mando a distancia para una mayor comodidad. Adem\u00e1s, cuenta con una tecnolog\u00eda LED integrada sin bombillas para reemplazar.<\/li>\n<li><strong>Muy economico:<\/strong>Consume solo 17 vatios, un 77% menos de energia que una l\u00e1mpara incandescente.<\/li>\n<\/ul>\n<p><strong>Descripci\u00f3n:<\/strong><\/p>\n<ul>\n<li>Ventilador de techo interior LED de 90cm con cuatro aspas reversibles de arce y plata desgastada.<\/li>\n<li>Motor de acero de 153 x 10 mm con condensador doble para una circulaci\u00f3n del aire potente y silenciosa.<\/li>\n<li>Tres velocidades (baja, media y alta).<\/li>\n<li>Interruptor reversible para mantener una temperatura fresca en verano, y recircular el aire caliente en invierno.<\/li>\n<li>Mando a distancia incluido.<\/li>\n<li>Luz LED de vidrio esmerilado opal.<\/li>\n<li>Ideal para habitaciones de hasta 12 metros cuadrados.<\/li>\n<li>40,7 vatios a alta velocidad.<\/li>\n<li>Voltaje &#8211; 230V \/ 50Hz.<\/li>\n<\/ul>\n<\/div>\n","protected":false},"excerpt":{"rendered":"<p>Colosseum Ventilador de techo Westinghouse:El modelo 72417 Colosseum agrega un estilo sofisticado a cualquier espacio. Este ventildor incluye un juego<\/p>\n","protected":false},"featured_media":138226,"comment_status":"open","ping_status":"closed","template":"","meta":{"_joinchat":[]},"product_cat":[6575,3301,5440],"product_tag":[],"class_list":{"0":"post-57411","1":"product","2":"type-product","3":"status-publish","4":"has-post-thumbnail","6":"product_cat-de-techo","7":"product_cat-climatizacion-y-calefaccion","8":"product_cat-ventiladores","9":"pa_marca-westinghouse","11":"first","12":"instock","13":"taxable","14":"shipping-taxable","15":"purchasable","16":"product-type-simple"},"_links":{"self":[{"href":"https:\/\/desdropi.com\/elparque\/wp-json\/wp\/v2\/product\/57411"}],"collection":[{"href":"https:\/\/desdropi.com\/elparque\/wp-json\/wp\/v2\/product"}],"about":[{"href":"https:\/\/desdropi.com\/elparque\/wp-json\/wp\/v2\/types\/product"}],"replies":[{"embeddable":true,"href":"https:\/\/desdropi.com\/elparque\/wp-json\/wp\/v2\/comments?post=57411"}],"version-history":[{"count":1,"href":"https:\/\/desdropi.com\/elparque\/wp-json\/wp\/v2\/product\/57411\/revisions"}],"predecessor-version":[{"id":224674,"href":"https:\/\/desdropi.com\/elparque\/wp-json\/wp\/v2\/product\/57411\/revisions\/224674"}],"wp:featuredmedia":[{"embeddable":true,"href":"https:\/\/desdropi.com\/elparque\/wp-json\/wp\/v2\/media\/138226"}],"wp:attachment":[{"href":"https:\/\/desdropi.com\/elparque\/wp-json\/wp\/v2\/media?parent=57411"}],"wp:term":[{"taxonomy":"product_cat","embeddable":true,"href":"https:\/\/desdropi.com\/elparque\/wp-json\/wp\/v2\/product_cat?post=57411"},{"taxonomy":"product_tag","embeddable":true,"href":"https:\/\/desdropi.com\/elparque\/wp-json\/wp\/v2\/product_tag?post=57411"}],"curies":[{"name":"wp","href":"https:\/\/api.w.org\/{rel}","templated":true}]}}