{"id":57589,"date":"2022-05-11T22:24:26","date_gmt":"2022-05-11T21:24:26","guid":{"rendered":"https:\/\/desdropi.com\/elparque\/cafetera-express-cecotec-01582-cafelizzia-790-steel\/"},"modified":"2025-04-14T09:30:12","modified_gmt":"2025-04-14T07:30:12","slug":"cafetera-express-cecotec-01582-cafelizzia-790-steel","status":"publish","type":"product","link":"https:\/\/desdropi.com\/elparque\/cafetera-express-cecotec-01582-cafelizzia-790-steel\/","title":{"rendered":"Cafetera Express Cecotec 01582 Cafelizzia 790 Steel"},"content":{"rendered":"<div class=\"descripcion-tab\">\n<p><strong>Cafelizzia 790 Steel:<\/strong>Para espressos y cappuccinos, dispone de sistema de r\u00e1pido calentamiento por thermoblock, 20 bares, ModoAuto para 1 y 2 caf\u00e9s, vaporizador orientable y conducto de agua para infusiones.<\/p>\n<ul>\n<li>Cafetera espresso de acero inoxidable con dise\u00f1o elegante y compacto para los amantes del buen caf\u00e9 &#8211; Permite hacer todo tipo de caf\u00e9s con una potencia m\u00e1xima de 1350 W y tambi\u00e9n emite agua caliente para las infusiones.<\/li>\n<li>Su sistema de calentamiento r\u00e1pido por Thermoblock garantiza que la temperatura se mantenga en su intervalo \u00f3ptimo para obtener el mejor caf\u00e9.<\/li>\n<li>Su potente bomba de presi\u00f3n con tecnolog\u00eda ForceAroma de 20 bares consigue la mejor crema y el m\u00e1ximo aroma en cada caf\u00e9.<\/li>\n<li>Incluye vaporizador orientable con protecci\u00f3n para texturizar la leche a tu gusto y conseguir la mejor espuma para tu caf\u00e9.<\/li>\n<li>Emite agua caliente a la temperatura id\u00f3nea para las infusiones.<\/li>\n<li>Brazo portafiltros con doble salida y dos filtros para preparar uno o dos caf\u00e9s autom\u00e1ticamente.<\/li>\n<li>Dep\u00f3sito de agua extra\u00edble con 1,2 litros de capacidad.<\/li>\n<li>Bandeja calientatazas de acero inoxidable.<\/li>\n<li>Apta para tazas espresso y tazas de desayuno.<\/li>\n<li>Bandeja de goteo desmontable para facilitar una r\u00e1pida limpieza.<\/li>\n<li>Sistema de ahorro energ\u00e9tico con apagado autom\u00e1tico y stand-by.<\/li>\n<li>Indicadores luminosos de cada funci\u00f3n.<\/li>\n<\/ul>\n<p><strong>Composici\u00f3n:<\/strong><\/p>\n<ul>\n<li>Cafetera.<\/li>\n<li>Filtro individual para un caf\u00e9.<\/li>\n<li>Filtro para dos caf\u00e9s.<\/li>\n<li>Brazo portafiltros.<\/li>\n<li>Cuchara dosificadora y prensadora.<\/li>\n<li>Manual de instrucciones<\/li>\n<\/ul>\n<\/div>\n","protected":false},"excerpt":{"rendered":"<p>Cafelizzia 790 Steel:Para espressos y cappuccinos, dispone de sistema de r\u00e1pido calentamiento por thermoblock, 20 bares, ModoAuto para 1 y<\/p>\n","protected":false},"featured_media":133901,"comment_status":"open","ping_status":"closed","template":"","meta":{"_joinchat":[]},"product_cat":[6516,6906,825],"product_tag":[],"class_list":{"0":"post-57589","1":"product","2":"type-product","3":"status-publish","4":"has-post-thumbnail","6":"product_cat-cafeteras-pequeno-electrodomestico","7":"product_cat-de-brazo-express","8":"product_cat-pequeno-electrodomestico","9":"pa_marca-cecotec","11":"first","12":"instock","13":"taxable","14":"shipping-taxable","15":"purchasable","16":"product-type-simple"},"_links":{"self":[{"href":"https:\/\/desdropi.com\/elparque\/wp-json\/wp\/v2\/product\/57589"}],"collection":[{"href":"https:\/\/desdropi.com\/elparque\/wp-json\/wp\/v2\/product"}],"about":[{"href":"https:\/\/desdropi.com\/elparque\/wp-json\/wp\/v2\/types\/product"}],"replies":[{"embeddable":true,"href":"https:\/\/desdropi.com\/elparque\/wp-json\/wp\/v2\/comments?post=57589"}],"version-history":[{"count":1,"href":"https:\/\/desdropi.com\/elparque\/wp-json\/wp\/v2\/product\/57589\/revisions"}],"predecessor-version":[{"id":224673,"href":"https:\/\/desdropi.com\/elparque\/wp-json\/wp\/v2\/product\/57589\/revisions\/224673"}],"wp:featuredmedia":[{"embeddable":true,"href":"https:\/\/desdropi.com\/elparque\/wp-json\/wp\/v2\/media\/133901"}],"wp:attachment":[{"href":"https:\/\/desdropi.com\/elparque\/wp-json\/wp\/v2\/media?parent=57589"}],"wp:term":[{"taxonomy":"product_cat","embeddable":true,"href":"https:\/\/desdropi.com\/elparque\/wp-json\/wp\/v2\/product_cat?post=57589"},{"taxonomy":"product_tag","embeddable":true,"href":"https:\/\/desdropi.com\/elparque\/wp-json\/wp\/v2\/product_tag?post=57589"}],"curies":[{"name":"wp","href":"https:\/\/api.w.org\/{rel}","templated":true}]}}