{"id":57818,"date":"2022-05-12T22:54:01","date_gmt":"2022-05-12T21:54:01","guid":{"rendered":"https:\/\/desdropi.com\/elparque\/lavavajillas-60cm-cecotec-aguazero-6000-7prog-blanco-02359\/"},"modified":"2024-05-18T23:29:10","modified_gmt":"2024-05-18T21:29:10","slug":"lavavajillas-60cm-cecotec-aguazero-6000-7prog-blanco-02359","status":"publish","type":"product","link":"https:\/\/desdropi.com\/elparque\/lavavajillas-60cm-cecotec-aguazero-6000-7prog-blanco-02359\/","title":{"rendered":"LAVAVAJILLAS 60CM CECOTEC AGUAZERO 6000 7PROG BLANCO 02359"},"content":{"rendered":"<div class=\"descripcion-tab\">\n<p><strong>Lavavajillas Bolero de 12 cubiertos y 7 programas: <\/strong>Con Secado Extra, filtro ABT Antibacteriano, modo ECO y comienzo diferido.<\/p>\n<p>&nbsp;<\/p>\n<ul>\n<li>12 cubiertos: gran capacidad de hasta 12 cubiertos para que puedas lavar todo lo que necesites independientemente de la situaci\u00f3n en la que te encuentres: a diario, una celebraci\u00f3n, etc.<\/li>\n<li>7 Programas. Elige el programa que m\u00e1s se adapte a tus necesidades en funci\u00f3n de lo que tengas que lavar: ollas, vajilla de diario, cristaler\u00eda delicada, etc. ajust\u00e1ndose en tiempo y temperatura. Lava todo lo que quieras independientemente del momento y de los utensilios que haya.<\/li>\n<li>Funci\u00f3n Secado Extra Gracias a la funci\u00f3n de extra secado, todos los platos, cazuelas y cubiertos que se laven en el lavavajillas saldr\u00e1n sin una gota, evitando as\u00ed que el usuario tenga que secar todos ellos antes de guardarlos.<\/li>\n<li>Modo Eco. Gracias a este modo, se reduce el consumo excesivo de recursos, tanto de luz como de agua. Se utiliza para cuando la vajilla no est\u00e1 excesivamente sucia, consiguiendo as\u00ed ahorrar en agua detergente y luz.<\/li>\n<li>Filtro Antibacteriano (ABT). Gracias a este filtro, mant\u00e9n en todo momento el lavavajillas limpio y sin ning\u00fan tipo de bacteria o germen.Evita los malos olores.<\/li>\n<li>Mitad de carga: lava los utensilios que tengas sucios sin necesidad de esperar a tener lleno el lavavajillas, gracias a la funci\u00f3n de media carga, que optimiza en tiempo y en recursos.<\/li>\n<li>Funcion Strong Wash. Gracias a la funci\u00f3n Strong Wash, hasta los platos m\u00e1s sucios y con mayor acumulaci\u00f3n de grasa saldr\u00e1n limpios, evitando as\u00ed que el usuario tenga que limpiarlos a mano o tener que ver c\u00f3mo una vez lavados, no est\u00e1n limpios del todo.<\/li>\n<li>KidLock. Bloqueo de seguridad para ni\u00f1os. Bloquea todos los botones del lavavajillas, excepto el de parado para que los ni\u00f1os no puedan controlarlos.<\/li>\n<li>47 dB. M\u00e1xima tranquilidad a la hora de estar cerca del lavavajillas en marcha, ya que apenas te enterar\u00e1s de que est\u00e1 encendido debido a su reducido nivel de ruido.<\/li>\n<li>Eficiencia energ\u00e9tica Clase E. Reducido consumo de electricidad que se notar\u00e1 a la hora de recibir la factura de la luz.<\/li>\n<li>DelayStart: programa el lavavajillas entre 0 y 24 h antes, con el inicio diferido. Puedes elegir la hora de inicio del programa del lavavajillas para ajustarse a tus horarios.<\/li>\n<\/ul>\n<p><strong>Composici\u00f3n:<\/strong><\/p>\n<ul>\n<li>Bandeja superior<\/li>\n<li>Bandeja inferior<\/li>\n<li>Cesta para cubiertos<\/li>\n<li>Manguera de desague<\/li>\n<li>Manual<\/li>\n<\/ul>\n<\/div>\n","protected":false},"excerpt":{"rendered":"<p><a href=\"https:\/\/desdropi.com\/elparque\/wp-content\/uploads\/9572.pdf\" target=\"_blank\" rel=\"noopener\"><img decoding=\"async\" class=\"alignnone wp-image-205373 size-full\" src=\"https:\/\/desdropi.com\/elparque\/wp-content\/uploads\/eficiencia-E.png\" alt=\"\" width=\"56\" height=\"33\" \/><\/a><\/p>\n<p><a href=\"https:\/\/desdropi.com\/elparque\/wp-content\/uploads\/9572.2.pdf\" target=\"_blank\" rel=\"noopener\" style=\"text-decoration:underline;\">Ficha de informaci\u00f3n de producto<\/a><\/p>\n","protected":false},"featured_media":149261,"comment_status":"open","ping_status":"closed","template":"","meta":{"_joinchat":[]},"product_cat":[6445,780,781],"product_tag":[],"class_list":{"0":"post-57818","1":"product","2":"type-product","3":"status-publish","4":"has-post-thumbnail","6":"product_cat-libre-instalacion-de-60-cm","7":"product_cat-gran-electrodomestico","8":"product_cat-lavavajillas","9":"pa_marca-cecotec-g-blanca","11":"first","12":"instock","13":"taxable","14":"shipping-taxable","15":"purchasable","16":"product-type-simple"},"_links":{"self":[{"href":"https:\/\/desdropi.com\/elparque\/wp-json\/wp\/v2\/product\/57818"}],"collection":[{"href":"https:\/\/desdropi.com\/elparque\/wp-json\/wp\/v2\/product"}],"about":[{"href":"https:\/\/desdropi.com\/elparque\/wp-json\/wp\/v2\/types\/product"}],"replies":[{"embeddable":true,"href":"https:\/\/desdropi.com\/elparque\/wp-json\/wp\/v2\/comments?post=57818"}],"version-history":[{"count":0,"href":"https:\/\/desdropi.com\/elparque\/wp-json\/wp\/v2\/product\/57818\/revisions"}],"wp:featuredmedia":[{"embeddable":true,"href":"https:\/\/desdropi.com\/elparque\/wp-json\/wp\/v2\/media\/149261"}],"wp:attachment":[{"href":"https:\/\/desdropi.com\/elparque\/wp-json\/wp\/v2\/media?parent=57818"}],"wp:term":[{"taxonomy":"product_cat","embeddable":true,"href":"https:\/\/desdropi.com\/elparque\/wp-json\/wp\/v2\/product_cat?post=57818"},{"taxonomy":"product_tag","embeddable":true,"href":"https:\/\/desdropi.com\/elparque\/wp-json\/wp\/v2\/product_tag?post=57818"}],"curies":[{"name":"wp","href":"https:\/\/api.w.org\/{rel}","templated":true}]}}