{"id":58125,"date":"2022-05-14T22:54:03","date_gmt":"2022-05-14T20:54:03","guid":{"rendered":"https:\/\/desdropi.com\/elparque\/ventilador-techo-cecotec-aero-350-6-aspas-91cm-madera-blanco-05938\/"},"modified":"2025-04-14T09:30:50","modified_gmt":"2025-04-14T07:30:50","slug":"ventilador-techo-cecotec-aero-350-6-aspas-91cm-madera-blanco-05938","status":"publish","type":"product","link":"https:\/\/desdropi.com\/elparque\/ventilador-techo-cecotec-aero-350-6-aspas-91cm-madera-blanco-05938\/","title":{"rendered":"Ventilador Techo Cecotec 05938 Aero  350 5\/Aspas 80Cm Madera"},"content":{"rendered":"<div class=\"descripcion-tab\">\n<p><strong>Ventilador de techo con luz EnergySilence Aero 350: <\/strong>Cuenta con con 6 aspas aerodin\u00e1micas para maximizar el flujo de aire. Su tecnolog\u00eda EnergySilence ofrece m\u00e1ximo silencio y confort de forma eficiente. Cuenta con un dise\u00f1o 2 en 1, que incorpora l\u00e1mpara y ventilador. Podr\u00e1s seleccionar entre 3 velocidades. Adem\u00e1s, dispone de posici\u00f3n verano e invierno y aspas reversibles.<\/p>\n<ul>\n<li>EnergySilence Technology: consigue una profunda sensaci\u00f3n de aire fresco al instante con el m\u00e1ximo silencio y confort.<\/li>\n<li>AeroBlades &#8211; sistema formado por 6 aspas totalmente innovadoras y aerodin\u00e1micas, dise\u00f1adas para maximizar el flujo de aire y garantizar un caudal constante de aire fresco.<\/li>\n<li>Cool&amp;Heat System &#8211; el ventilador dispone de un sistema de inversi\u00f3n de giro del motor para realizar la funci\u00f3n verano\/invierno. Mediante un conmutador se selecciona el sentido de rotaci\u00f3n de las aspas, en un sentido en verano para generar una agradable brisa y en sentido contrario en invierno para impulsar el aire caliente concentrado en el techo hacia el suelo, perfecto para complementar tu sistema de calefacci\u00f3n.<\/li>\n<li>AirFlow Advance: tecnolog\u00eda capaz de generar un ambiente totalmente fresco de la forma m\u00e1s eficiente y con el m\u00ednimo consumo, ahorrando en tu factura de la luz.<\/li>\n<li>LightSystem 2in1 &#8211; el ventilador integra una l\u00e1mpara que lo convierte en un pr\u00e1ctico equipo h\u00edbrido. Consigue luz y un ambiente perfecto en tu hogar de la forma m\u00e1s eficaz y asequible (bombilla no incluida).<\/li>\n<li>3Speed Function &#8211; podr\u00e1s elegir entre 3 velocidades de funcionamiento (bajo-Noche, medio-Eco y alto-Turbo), adecuando la intensidad del caudal de aire a tus necesidades.<\/li>\n<li>PowerWind: gran potencia de 50 W, con motor de alto rendimiento que aumenta el caudal de aire y la sensaci\u00f3n de frescor, con la m\u00e1xima fiabilidad y durabilidad.<\/li>\n<li>ReversibleDesign &#8211; dispone de un dise\u00f1o cuidado con l\u00edneas elegantes, adapt\u00e1ndose perfectamente a la decoraci\u00f3n de tu hogar. Adem\u00e1s, sus palas son totalmente reversibles y te permiten elegir en todo momento entre dos atractivos colores: blanco y madera clara.<\/li>\n<li>SecuritySystem &#8211; sistema de seguridad integral que evita cualquier tipo de incidencia durante su empleo.<\/li>\n<li>Health&amp;Safety &#8211; el equipo cumple con la normativa vigente en cuanto a seguridad y protecci\u00f3n del medio ambiente, para que cuides de los tuyos y de tu entorno.<\/li>\n<li>AssemblyKit &#8211; incluye un set con todos los elementos necesarios para realizar el montaje del ventilador con total facilidad.<\/li>\n<li>Pull Chain Easy &#8211; F\u00e1cil manejo mediante interruptor de cadena. Controla todas las funciones del ventilador de la forma m\u00e1s pr\u00e1ctica y accesible.<\/li>\n<li>Altura &#8211; 37 cm.<\/li>\n<li>Peso &#8211; 5,2 Kg.<\/li>\n<\/ul>\n<p><strong><span class=\"e1hv9n5v0 css-hga4sk\">Composici\u00f3n<\/span><\/strong><\/p>\n<div class=\"css-1azcdyx e1hv9n5v1\">\n<ul>\n<li>Ventilador EnergySilence Aero 350<\/li>\n<li>Kit de montaje<\/li>\n<li>Manual de instrucciones<\/li>\n<\/ul>\n<\/div>\n<\/div>\n","protected":false},"excerpt":{"rendered":"<p>Ventilador de techo con luz EnergySilence Aero 350: Cuenta con con 6 aspas aerodin\u00e1micas para maximizar el flujo de aire.<\/p>\n","protected":false},"featured_media":134091,"comment_status":"open","ping_status":"closed","template":"","meta":{"_joinchat":[]},"product_cat":[6575,3301,5440],"product_tag":[],"class_list":{"0":"post-58125","1":"product","2":"type-product","3":"status-publish","4":"has-post-thumbnail","6":"product_cat-de-techo","7":"product_cat-climatizacion-y-calefaccion","8":"product_cat-ventiladores","9":"pa_marca-cecotec-clima","11":"first","12":"instock","13":"taxable","14":"shipping-taxable","15":"purchasable","16":"product-type-simple"},"_links":{"self":[{"href":"https:\/\/desdropi.com\/elparque\/wp-json\/wp\/v2\/product\/58125"}],"collection":[{"href":"https:\/\/desdropi.com\/elparque\/wp-json\/wp\/v2\/product"}],"about":[{"href":"https:\/\/desdropi.com\/elparque\/wp-json\/wp\/v2\/types\/product"}],"replies":[{"embeddable":true,"href":"https:\/\/desdropi.com\/elparque\/wp-json\/wp\/v2\/comments?post=58125"}],"version-history":[{"count":1,"href":"https:\/\/desdropi.com\/elparque\/wp-json\/wp\/v2\/product\/58125\/revisions"}],"predecessor-version":[{"id":224694,"href":"https:\/\/desdropi.com\/elparque\/wp-json\/wp\/v2\/product\/58125\/revisions\/224694"}],"wp:featuredmedia":[{"embeddable":true,"href":"https:\/\/desdropi.com\/elparque\/wp-json\/wp\/v2\/media\/134091"}],"wp:attachment":[{"href":"https:\/\/desdropi.com\/elparque\/wp-json\/wp\/v2\/media?parent=58125"}],"wp:term":[{"taxonomy":"product_cat","embeddable":true,"href":"https:\/\/desdropi.com\/elparque\/wp-json\/wp\/v2\/product_cat?post=58125"},{"taxonomy":"product_tag","embeddable":true,"href":"https:\/\/desdropi.com\/elparque\/wp-json\/wp\/v2\/product_tag?post=58125"}],"curies":[{"name":"wp","href":"https:\/\/api.w.org\/{rel}","templated":true}]}}