{"id":60245,"date":"2022-05-31T22:26:19","date_gmt":"2022-05-31T21:26:19","guid":{"rendered":"https:\/\/desdropi.com\/elparque\/sandwichera-cecotec-03050-750w-inox-c-corte\/"},"modified":"2025-04-14T09:30:25","modified_gmt":"2025-04-14T07:30:25","slug":"sandwichera-cecotec-03050-750w-inox-c-corte","status":"publish","type":"product","link":"https:\/\/desdropi.com\/elparque\/sandwichera-cecotec-03050-750w-inox-c-corte\/","title":{"rendered":"Sandwichera Cecotec 03050 750W Inox C\/Corte"},"content":{"rendered":"<div class=\"descripcion-tab\">Disfruta de sabores sensacionales con la nueva sandwichera Rock\u00b4n Toast Fifty-Fifty de Cecotec. Gracias a su superficie de tri\u00e1ngulos, lograr\u00e1s el mejor tostado en el pan y la cocci\u00f3n ideal en el interior del s\u00e1ndwich. La elevada antiadherencia que ofrece el revestimiento de piedra RockStone facilita que ning\u00fan alimento se pegue y consigue siempre las mejores texturas y sabores. Cuenta con indicadores luminosos que muestran el alcance de la temperatura, hueco recogecables y base antideslizante. Su asa de tacto fr\u00edo con pinza de cierre permite guardarla en vertical sin ocupar casi espacio en el armario.<\/p>\n<ul>\n<li>Sandwichera con capacidad para 2 s\u00e1ndwiches y acabados en acero inoxidable.<\/li>\n<li>Revestimiento de piedra RockStone que consigue las mejores texturas y sabores.<\/li>\n<li>Superficie de tri\u00e1ngulos que corta el s\u00e1ndwich y lo comprime para un tostado perfecto.<\/li>\n<li>Revestimiento ecol\u00f3gico, libre de PTFE, PFOA y otros t\u00f3xicos.<\/li>\n<li>750 W de potencia.<\/li>\n<li>Indicador luminoso de alcance de temperatura.<\/li>\n<li>Asa de tacto fr\u00edo con pinza de cierre que permite guardarla en vertical.<\/li>\n<li>Hueco recogecables y base antideslizante.<\/li>\n<\/ul>\n<p><strong>Composici\u00f3n<\/strong><\/p>\n<ul>\n<li>Sandwichera el\u00e9ctrica.<\/li>\n<li>Manual de instrucciones.<\/li>\n<\/ul>\n<\/div>\n","protected":false},"excerpt":{"rendered":"<p>Disfruta de sabores sensacionales con la nueva sandwichera Rock\u00b4n Toast Fifty-Fifty de Cecotec. Gracias a su superficie de tri\u00e1ngulos, lograr\u00e1s<\/p>\n","protected":false},"featured_media":133802,"comment_status":"open","ping_status":"closed","template":"","meta":{"_joinchat":[]},"product_cat":[825,831,867],"product_tag":[],"class_list":{"0":"post-60245","1":"product","2":"type-product","3":"status-publish","4":"has-post-thumbnail","6":"product_cat-pequeno-electrodomestico","7":"product_cat-accesorios-de-cocina","8":"product_cat-sandwicheras","9":"pa_marca-cecotec","11":"first","12":"instock","13":"taxable","14":"shipping-taxable","15":"purchasable","16":"product-type-simple"},"_links":{"self":[{"href":"https:\/\/desdropi.com\/elparque\/wp-json\/wp\/v2\/product\/60245"}],"collection":[{"href":"https:\/\/desdropi.com\/elparque\/wp-json\/wp\/v2\/product"}],"about":[{"href":"https:\/\/desdropi.com\/elparque\/wp-json\/wp\/v2\/types\/product"}],"replies":[{"embeddable":true,"href":"https:\/\/desdropi.com\/elparque\/wp-json\/wp\/v2\/comments?post=60245"}],"version-history":[{"count":1,"href":"https:\/\/desdropi.com\/elparque\/wp-json\/wp\/v2\/product\/60245\/revisions"}],"predecessor-version":[{"id":224653,"href":"https:\/\/desdropi.com\/elparque\/wp-json\/wp\/v2\/product\/60245\/revisions\/224653"}],"wp:featuredmedia":[{"embeddable":true,"href":"https:\/\/desdropi.com\/elparque\/wp-json\/wp\/v2\/media\/133802"}],"wp:attachment":[{"href":"https:\/\/desdropi.com\/elparque\/wp-json\/wp\/v2\/media?parent=60245"}],"wp:term":[{"taxonomy":"product_cat","embeddable":true,"href":"https:\/\/desdropi.com\/elparque\/wp-json\/wp\/v2\/product_cat?post=60245"},{"taxonomy":"product_tag","embeddable":true,"href":"https:\/\/desdropi.com\/elparque\/wp-json\/wp\/v2\/product_tag?post=60245"}],"curies":[{"name":"wp","href":"https:\/\/api.w.org\/{rel}","templated":true}]}}