{"id":60296,"date":"2022-05-31T22:28:52","date_gmt":"2022-05-31T21:28:52","guid":{"rendered":"https:\/\/desdropi.com\/elparque\/palomitero-cecotec-04259-funtaste-pcorn-easy-con-bol\/"},"modified":"2024-05-17T12:59:47","modified_gmt":"2024-05-17T10:59:47","slug":"palomitero-cecotec-04259-funtaste-pcorn-easy-con-bol","status":"publish","type":"product","link":"https:\/\/desdropi.com\/elparque\/palomitero-cecotec-04259-funtaste-pcorn-easy-con-bol\/","title":{"rendered":"Palomitero Cecotec 04259 Fun&Amp;Taste Pcorn Easy Con\/Bol"},"content":{"rendered":"<div class=\"descripcion-tab\">M\u00e1quina de hacer palomitas sanas mediante inyecci\u00f3n de aire caliente, de manera r\u00e1pida y divertida.<\/p>\n<ul>\n<li>M\u00e1quina con 1200 W de potencia para hacer palomitas sanas sin necesidad de a\u00f1adir aceite o mantequilla a su preparaci\u00f3n.<\/li>\n<li>Sistema de cocci\u00f3n mediante inyecci\u00f3n de aire caliente, palomitas sanas para toda la familia.<\/li>\n<li>El taz\u00f3n extra\u00edble en forma de donut se coloca de tal forma en la m\u00e1quina que recoge cuidadosamente todas las palomitas de ma\u00edz que se van haciendo a medida que salen de la m\u00e1quina.<\/li>\n<li>Dise\u00f1o perfecto: la parte superior transparente sirve para ver claramente el proceso de creaci\u00f3n de palomitas de ma\u00edz.<\/li>\n<li>Tapa extra\u00edble e interior antiadherente para una limpieza f\u00e1cil. Piezas aptas para el lavavajillas.<\/li>\n<li>80 g de palomitas caseras listas en 3 minutos sin necesidad de esperar m\u00e1s tiempo.<\/li>\n<li>F\u00e1cil de usar: no necesita calentarse en microondas, hace las palomitas de ma\u00edz con solo apretar un bot\u00f3n.<\/li>\n<li>Se puede disfrutar del sabor natural de las palomitas o se puede innovar y probar a a\u00f1adir otros sabores como chocolate, caramelo, queso, canela, mantequilla, una vez las palomitas est\u00e9n hechas.<\/li>\n<li>Dise\u00f1o compacto, f\u00e1cil de transportar y guardar gracias a sus piezas desmontables. Ideal para casa, oficina, barco&#8230;<\/li>\n<\/ul>\n<p><strong>Composici\u00f3n<\/strong><\/p>\n<ul>\n<li>M\u00e1quina de hacer palomitas<\/li>\n<li>Cuchara medidora<\/li>\n<li>Manual de instrucciones<\/li>\n<\/ul>\n<\/div>\n","protected":false},"excerpt":{"rendered":"<p>M\u00e1quina de hacer palomitas sanas mediante inyecci\u00f3n de aire caliente, de manera r\u00e1pida y divertida. M\u00e1quina con 1200 W de<\/p>\n","protected":false},"featured_media":134225,"comment_status":"open","ping_status":"closed","template":"","meta":{"_joinchat":[]},"product_cat":[6370,825,831],"product_tag":[],"class_list":{"0":"post-60296","1":"product","2":"type-product","3":"status-publish","4":"has-post-thumbnail","6":"product_cat-palomiteros","7":"product_cat-pequeno-electrodomestico","8":"product_cat-accesorios-de-cocina","9":"pa_marca-cecotec","11":"first","12":"instock","13":"taxable","14":"shipping-taxable","15":"purchasable","16":"product-type-simple"},"_links":{"self":[{"href":"https:\/\/desdropi.com\/elparque\/wp-json\/wp\/v2\/product\/60296"}],"collection":[{"href":"https:\/\/desdropi.com\/elparque\/wp-json\/wp\/v2\/product"}],"about":[{"href":"https:\/\/desdropi.com\/elparque\/wp-json\/wp\/v2\/types\/product"}],"replies":[{"embeddable":true,"href":"https:\/\/desdropi.com\/elparque\/wp-json\/wp\/v2\/comments?post=60296"}],"version-history":[{"count":0,"href":"https:\/\/desdropi.com\/elparque\/wp-json\/wp\/v2\/product\/60296\/revisions"}],"wp:featuredmedia":[{"embeddable":true,"href":"https:\/\/desdropi.com\/elparque\/wp-json\/wp\/v2\/media\/134225"}],"wp:attachment":[{"href":"https:\/\/desdropi.com\/elparque\/wp-json\/wp\/v2\/media?parent=60296"}],"wp:term":[{"taxonomy":"product_cat","embeddable":true,"href":"https:\/\/desdropi.com\/elparque\/wp-json\/wp\/v2\/product_cat?post=60296"},{"taxonomy":"product_tag","embeddable":true,"href":"https:\/\/desdropi.com\/elparque\/wp-json\/wp\/v2\/product_tag?post=60296"}],"curies":[{"name":"wp","href":"https:\/\/api.w.org\/{rel}","templated":true}]}}