{"id":60813,"date":"2022-06-02T22:22:18","date_gmt":"2022-06-02T21:22:18","guid":{"rendered":"https:\/\/desdropi.com\/elparque\/maquina-de-hacer-pasta-laica-pm2000\/"},"modified":"2025-04-13T21:36:40","modified_gmt":"2025-04-13T19:36:40","slug":"maquina-de-hacer-pasta-laica-pm2000","status":"publish","type":"product","link":"https:\/\/desdropi.com\/elparque\/maquina-de-hacer-pasta-laica-pm2000\/","title":{"rendered":"Maquina De Hacer Pasta Laica Pm2000"},"content":{"rendered":"<div class=\"descripcion-tab\"><strong>Dimensiones<\/strong><br \/>\n20.2 x 19.6 x 15.2 cm<strong>Peso<\/strong><br \/>\n0.76 kg<\/p>\n<p><strong>C\u00f3digo de barras<\/strong><br \/>\n8033224603858<\/p>\n<p><strong>Componentes del producto<\/strong><br \/>\n1 m\u00e1quina para hacer la pasta, 1 rodillo de corte doble intercambiable, 1 manivela, 1 abrazadera con tornillo, 2 manuales de instrucciones<\/p>\n<p><strong>Accesorios disponibles (no incluidos)<\/strong><\/p>\n<p><strong>Rodillos de corte SENCILLO:<\/strong><\/p>\n<ul>\n<li>C\u00f3digo APM003 para hacer los \u201ccapelli d\u2019angelo\u201d (1 mm)<\/li>\n<li>\u00a0C\u00f3digo APM004 para hacer los \u201ctaglioni (4 mm)<\/li>\n<li>C\u00f3digo APM005 para hacer los \u201creginette\u201d (12 mm)<\/li>\n<li>C\u00f3digo APM007 per ottenere ravioli (30\u00d730 mm)<\/li>\n<\/ul>\n<p><strong>Rodillo de corte DOBLE:<\/strong><\/p>\n<ul>\n<li>C\u00f3digo APM006 para hacer los \u201cpappardelle\u201d (45 mm)<br \/>\ny \u201clinguine\u201d (3 mm).<\/li>\n<li>Colgador de pasta (C\u00f3digo APM002) para secar la pasta fresca en<br \/>\npoco espacio.<\/li>\n<li>Motor (C\u00f3digo APM001) para motorizar la m\u00e1quina y hacer el<br \/>\ntrabajo m\u00e1s f\u00e1cil y r\u00e1pido.<\/li>\n<\/ul>\n<p><strong>Apertura m\u00ednima y m\u00e1xima de los rodillos<\/strong><\/p>\n<ul>\n<li>0.3 \u2013 3 mm<\/li>\n<\/ul>\n<p><strong>Ancho m\u00e1ximo<\/strong><\/p>\n<ul>\n<li>150 mm<\/li>\n<\/ul>\n<p><strong>Pomo regulador<\/strong><\/p>\n<ul>\n<li>A 7 posiciones<\/li>\n<\/ul>\n<p><strong>Materiales<\/strong><br \/>\nCuerpo de la m\u00e1quina en acero, rodillos en aluminio.<\/p>\n<\/div>\n","protected":false},"excerpt":{"rendered":"<p>Dimensiones 20.2 x 19.6 x 15.2 cmPeso 0.76 kg C\u00f3digo de barras 8033224603858 Componentes del producto 1 m\u00e1quina para hacer<\/p>\n","protected":false},"featured_media":133629,"comment_status":"open","ping_status":"closed","template":"","meta":{"_joinchat":[]},"product_cat":[6543,5661,5662],"product_tag":[],"class_list":{"0":"post-60813","1":"product","2":"type-product","3":"status-publish","4":"has-post-thumbnail","6":"product_cat-maquinas-de-pasta","7":"product_cat-menaje","8":"product_cat-menaje-de-cocina","9":"pa_marca-laica","11":"first","12":"instock","13":"taxable","14":"shipping-taxable","15":"purchasable","16":"product-type-simple"},"_links":{"self":[{"href":"https:\/\/desdropi.com\/elparque\/wp-json\/wp\/v2\/product\/60813"}],"collection":[{"href":"https:\/\/desdropi.com\/elparque\/wp-json\/wp\/v2\/product"}],"about":[{"href":"https:\/\/desdropi.com\/elparque\/wp-json\/wp\/v2\/types\/product"}],"replies":[{"embeddable":true,"href":"https:\/\/desdropi.com\/elparque\/wp-json\/wp\/v2\/comments?post=60813"}],"version-history":[{"count":1,"href":"https:\/\/desdropi.com\/elparque\/wp-json\/wp\/v2\/product\/60813\/revisions"}],"predecessor-version":[{"id":224578,"href":"https:\/\/desdropi.com\/elparque\/wp-json\/wp\/v2\/product\/60813\/revisions\/224578"}],"wp:featuredmedia":[{"embeddable":true,"href":"https:\/\/desdropi.com\/elparque\/wp-json\/wp\/v2\/media\/133629"}],"wp:attachment":[{"href":"https:\/\/desdropi.com\/elparque\/wp-json\/wp\/v2\/media?parent=60813"}],"wp:term":[{"taxonomy":"product_cat","embeddable":true,"href":"https:\/\/desdropi.com\/elparque\/wp-json\/wp\/v2\/product_cat?post=60813"},{"taxonomy":"product_tag","embeddable":true,"href":"https:\/\/desdropi.com\/elparque\/wp-json\/wp\/v2\/product_tag?post=60813"}],"curies":[{"name":"wp","href":"https:\/\/api.w.org\/{rel}","templated":true}]}}