{"id":87417,"date":"2022-06-16T23:38:02","date_gmt":"2022-06-16T22:38:02","guid":{"rendered":"https:\/\/desdropi.com\/elparque\/microondas-nevir-nvr6233mgs-c-grill-20-litros-700w-interior-inox\/"},"modified":"2024-04-07T23:46:17","modified_gmt":"2024-04-07T21:46:17","slug":"microondas-nevir-nvr6233mgs-c-grill-20-litros-700w-interior-inox","status":"publish","type":"product","link":"https:\/\/desdropi.com\/elparque\/microondas-nevir-nvr6233mgs-c-grill-20-litros-700w-interior-inox\/","title":{"rendered":"Microondas Nevir Nvr6233Mgs C\/Grill 20 Litros 700W Interior Inox"},"content":{"rendered":"<div class=\"descripcion-tab\">\n<strong>Especificaciones<\/strong><\/p>\n<ul>\n<li>Microondas Grill<\/li>\n<li>Capacidad 20 Litros<\/li>\n<li>Dise\u00f1o en Acero Inoxidable<\/li>\n<li>5 Niveles de Potencia<\/li>\n<li>Selecci\u00f3n de Potencia<\/li>\n<li>Selecci\u00f3n de Tiempo hasta 30 minutos<\/li>\n<li>Pulsador de Puerta<\/li>\n<li>Luz Interior<\/li>\n<li>Cubeta de 20 Litros<\/li>\n<li>3 Programas Combi Grill<\/li>\n<li>5 Niveles de Potencia<\/li>\n<li>Funci\u00f3n Descongelar<\/li>\n<li>Se\u00f1al de fin de cocinado<\/li>\n<li>Bloqueo Infantil<\/li>\n<\/ul>\n<p><strong>Accesorios<\/strong><\/p>\n<ul>\n<li>Plato Giratorio 245mm<\/li>\n<li>Soporte para Grill<\/li>\n<li>Manual de Instrucciones<\/li>\n<li>Tarjeta de Garant\u00eda<\/li>\n<\/ul>\n<p><strong>Consumo<\/strong><\/p>\n<ul>\n<li>Consumo Energ\u00e9tico 1150W<\/li>\n<li>Potencia Micro: 700W<\/li>\n<li>Potencia Grill: 800W<\/li>\n<li>Alimentaci\u00f3n: 230V\/50Hz<\/li>\n<\/ul>\n<p><strong>Medidas<\/strong><\/p>\n<ul>\n<li>Ancho x Alto x Profundo<\/li>\n<li>Unidad Exterior: 451 x 256 x 360 mm<\/li>\n<li>Embalaje 482 x 294 x 386 mm<\/li>\n<li>Unidad de Embalaje 1<\/li>\n<\/ul>\n<\/div>\n","protected":false},"excerpt":{"rendered":"<p>Especificaciones Microondas Grill Capacidad 20 Litros Dise\u00f1o en Acero Inoxidable 5 Niveles de Potencia Selecci\u00f3n de Potencia Selecci\u00f3n de Tiempo<\/p>\n","protected":false},"featured_media":87418,"comment_status":"open","ping_status":"closed","template":"","meta":{"_joinchat":[]},"product_cat":[6474,3268,3899],"product_tag":[],"class_list":{"0":"post-87417","1":"product","2":"type-product","3":"status-publish","4":"has-post-thumbnail","6":"product_cat-con-grill","7":"product_cat-coccion","8":"product_cat-microondas","9":"pa_marca-nevir","10":"pa_marca-nevir-g-blanca","12":"first","13":"instock","14":"taxable","15":"shipping-taxable","16":"purchasable","17":"product-type-simple"},"_links":{"self":[{"href":"https:\/\/desdropi.com\/elparque\/wp-json\/wp\/v2\/product\/87417"}],"collection":[{"href":"https:\/\/desdropi.com\/elparque\/wp-json\/wp\/v2\/product"}],"about":[{"href":"https:\/\/desdropi.com\/elparque\/wp-json\/wp\/v2\/types\/product"}],"replies":[{"embeddable":true,"href":"https:\/\/desdropi.com\/elparque\/wp-json\/wp\/v2\/comments?post=87417"}],"version-history":[{"count":0,"href":"https:\/\/desdropi.com\/elparque\/wp-json\/wp\/v2\/product\/87417\/revisions"}],"wp:featuredmedia":[{"embeddable":true,"href":"https:\/\/desdropi.com\/elparque\/wp-json\/wp\/v2\/media\/87418"}],"wp:attachment":[{"href":"https:\/\/desdropi.com\/elparque\/wp-json\/wp\/v2\/media?parent=87417"}],"wp:term":[{"taxonomy":"product_cat","embeddable":true,"href":"https:\/\/desdropi.com\/elparque\/wp-json\/wp\/v2\/product_cat?post=87417"},{"taxonomy":"product_tag","embeddable":true,"href":"https:\/\/desdropi.com\/elparque\/wp-json\/wp\/v2\/product_tag?post=87417"}],"curies":[{"name":"wp","href":"https:\/\/api.w.org\/{rel}","templated":true}]}}