{"id":93613,"date":"2022-06-20T23:44:02","date_gmt":"2022-06-20T22:44:02","guid":{"rendered":"https:\/\/desdropi.com\/elparque\/kit-2-recipientes-hermetico-fosa-mc20600-2x600ml\/"},"modified":"2024-04-07T23:46:22","modified_gmt":"2024-04-07T21:46:22","slug":"kit-2-recipientes-hermetico-fosa-mc20600-2x600ml","status":"publish","type":"product","link":"https:\/\/desdropi.com\/elparque\/kit-2-recipientes-hermetico-fosa-mc20600-2x600ml\/","title":{"rendered":"Kit 2 Recipientes Hermetico Fosa Mc20600 2X600Ml"},"content":{"rendered":"<div class=\"descripcion-tab\">\n<div>Tecnolog\u00eda One Touch Operations<\/div>\n<div>Situ\u0301a el<strong> Turtle<\/strong> encima de la tapa, pulsar el <strong>boto\u0301n<\/strong>, extrae el <strong>O2<\/strong> y regula la presi\u00f3n solo. Cuando finaliza la extraccio\u0301n de aire la luz verde deja de parpadear y la envasadora vuelve a su posicio\u0301n inicial.<\/div>\n<ul>\n<li>\n<div>\u00a0Conserva cualquier alimento incluido l\u00edquidos, polvos y alimentos fr\u00e1giles.<\/div>\n<\/li>\n<li>Contenedores apilables para optimizar el espacio.<\/li>\n<li>\n<div>Apto para lavavajillas.<\/div>\n<\/li>\n<\/ul>\n<p><strong>Funcionamiento:<\/strong><\/p>\n<div class=\"shg-c-lg-3 shg-c-md-3 shg-c-sm-3 shg-c-xs-6\">\n<div id=\"s-c054176a-eb1c-49d8-a8e5-31b818701dec\" class=\"shg-c shogun-image-container shg-align-center\"><img decoding=\"async\" class=\"shogun-image shogun-lazyloaded\" src=\"https:\/\/i.shgcdn.com\/f73f8a86-b594-4b38-b6f1-317ebf0a7754\/-\/format\/auto\/-\/preview\/3000x3000\/-\/quality\/lighter\/\" alt=\"\" width=\"170\" height=\"154\" data-src=\"https:\/\/i.shgcdn.com\/f73f8a86-b594-4b38-b6f1-317ebf0a7754\/-\/format\/auto\/-\/preview\/3000x3000\/-\/quality\/lighter\/\" \/><img decoding=\"async\" class=\"shogun-image shogun-lazyloaded\" src=\"https:\/\/i.shgcdn.com\/89ca4175-a79d-42f3-b55e-82b67d083837\/-\/format\/auto\/-\/preview\/3000x3000\/-\/quality\/lighter\/\" alt=\"\" width=\"170\" height=\"155\" data-src=\"https:\/\/i.shgcdn.com\/89ca4175-a79d-42f3-b55e-82b67d083837\/-\/format\/auto\/-\/preview\/3000x3000\/-\/quality\/lighter\/\" \/><img decoding=\"async\" class=\"shogun-image shogun-lazyloaded\" src=\"https:\/\/i.shgcdn.com\/69160945-525e-4d94-b49c-9a898b830563\/-\/format\/auto\/-\/preview\/3000x3000\/-\/quality\/lighter\/\" alt=\"\" width=\"170\" height=\"155\" data-src=\"https:\/\/i.shgcdn.com\/69160945-525e-4d94-b49c-9a898b830563\/-\/format\/auto\/-\/preview\/3000x3000\/-\/quality\/lighter\/\" \/><img loading=\"lazy\" decoding=\"async\" class=\"shogun-image shogun-lazyloaded\" src=\"https:\/\/i.shgcdn.com\/f29e1bca-6030-48f3-8500-666307297158\/-\/format\/auto\/-\/preview\/3000x3000\/-\/quality\/lighter\/\" alt=\"\" width=\"170\" height=\"155\" data-src=\"https:\/\/i.shgcdn.com\/f29e1bca-6030-48f3-8500-666307297158\/-\/format\/auto\/-\/preview\/3000x3000\/-\/quality\/lighter\/\" \/><\/div>\n<div id=\"s-7cd825ac-d049-4ed9-85d4-9fb45c8ff8ce\" class=\"shg-c \">\n<div class=\"shg-rich-text shg-theme-text-content\">\n<ol>\n<li class=\"p1\">Sit\u00faa la envasadora en cualquier recipiente FOSA.<\/li>\n<li class=\"p1\">Acci\u00f3nala con un solo toque con la tech One Touch Operations.<\/li>\n<li class=\"p1\">Aprieta el bot\u00f3n de la tapa para liberar el vac\u00edo.<\/li>\n<li class=\"p1\">Abrir la tapa y comer.<\/li>\n<\/ol>\n<\/div>\n<\/div>\n<\/div>\n<p><strong>Contenido:<\/strong><\/p>\n<ul>\n<li><span class=\"a-list-item\">\u00bfQu\u00e9 encontrar\u00e1s en la caja?<\/span><\/li>\n<li><span class=\"a-list-item\">\u00a02 Contendores de plastico SAN<\/span><\/li>\n<li><span class=\"a-list-item\">1x 2.300 ml, 1x 1.000 ml<\/span><\/li>\n<li><span class=\"a-list-item\">\u00a02 tapas herm\u00e9ticas rectangulares con v\u00e1lvula<\/span><\/li>\n<li><span class=\"a-list-item\">\u00a01 Envasadora Turtle<\/span><\/li>\n<li><span class=\"a-list-item\">\u00a04 pilas AA de 1,5V<\/span><\/li>\n<\/ul>\n<p><strong>Puntos fuertes:<\/strong><\/p>\n<ul>\n<li><span class=\"a-list-item\"><strong>Ciuda tu salud:<\/strong> protecci\u00f3n inmediata contra oxidaci\u00f3n, bacterias y moho. El O2 es el enemigo responsable de tus problemas de conservaci\u00f3n. FOSA te lo soluciona y te extrae el aire dentro de los recipientes. Sabor y nutrientes quedan intactos<\/span><\/li>\n<li><span class=\"a-list-item\"><strong>Ahorra dinero<\/strong> conservando tus alimentos de la forma correcta: olv\u00eddate de desperdiciar, el 80% de los alimentos que tiramos a la basura se deterioran antes consumirlos.<\/span><\/li>\n<\/ul>\n<p><strong>Medidas y peso:<\/strong><\/p>\n<ul>\n<li>\n<div>Medidas caja:\u00a013 cm x 13 cm x 22 cm<\/div>\n<\/li>\n<li>\n<div>Peso caja: 600 g<\/div>\n<\/li>\n<\/ul>\n<p><strong>Material y certificaciones:<\/strong><\/p>\n<ul>\n<li>\n<div>Pl\u00e1stico SAN certificado libre de BPA.<\/div>\n<\/li>\n<li>\n<div>Material cristalino, duradero y \u00f3ptimo para el contacto con alimentos.<\/div>\n<\/li>\n<li>Principales caracter\u00edsticas:<\/li>\n<li>Alta transparencia<\/li>\n<li>Resistencia qu\u00edmica<\/li>\n<li>\u00a0Elevada rigidez<\/li>\n<li>Gran dureza de superficies<\/li>\n<li>Adaptado a la conservaci\u00f3n en dispensa y nevera.<\/li>\n<li>No apto para microondas<\/li>\n<\/ul>\n<\/div>\n","protected":false},"excerpt":{"rendered":"<p>Tecnolog\u00eda One Touch Operations Situ\u0301a el Turtle encima de la tapa, pulsar el boto\u0301n, extrae el O2 y regula la<\/p>\n","protected":false},"featured_media":96568,"comment_status":"open","ping_status":"closed","template":"","meta":{"_joinchat":[]},"product_cat":[6560,5661,5662],"product_tag":[],"class_list":{"0":"post-93613","1":"product","2":"type-product","3":"status-publish","4":"has-post-thumbnail","6":"product_cat-recipientes","7":"product_cat-menaje","8":"product_cat-menaje-de-cocina","9":"pa_marca-fosa","11":"first","12":"instock","13":"taxable","14":"shipping-taxable","15":"purchasable","16":"product-type-simple"},"_links":{"self":[{"href":"https:\/\/desdropi.com\/elparque\/wp-json\/wp\/v2\/product\/93613"}],"collection":[{"href":"https:\/\/desdropi.com\/elparque\/wp-json\/wp\/v2\/product"}],"about":[{"href":"https:\/\/desdropi.com\/elparque\/wp-json\/wp\/v2\/types\/product"}],"replies":[{"embeddable":true,"href":"https:\/\/desdropi.com\/elparque\/wp-json\/wp\/v2\/comments?post=93613"}],"version-history":[{"count":0,"href":"https:\/\/desdropi.com\/elparque\/wp-json\/wp\/v2\/product\/93613\/revisions"}],"wp:featuredmedia":[{"embeddable":true,"href":"https:\/\/desdropi.com\/elparque\/wp-json\/wp\/v2\/media\/96568"}],"wp:attachment":[{"href":"https:\/\/desdropi.com\/elparque\/wp-json\/wp\/v2\/media?parent=93613"}],"wp:term":[{"taxonomy":"product_cat","embeddable":true,"href":"https:\/\/desdropi.com\/elparque\/wp-json\/wp\/v2\/product_cat?post=93613"},{"taxonomy":"product_tag","embeddable":true,"href":"https:\/\/desdropi.com\/elparque\/wp-json\/wp\/v2\/product_tag?post=93613"}],"curies":[{"name":"wp","href":"https:\/\/api.w.org\/{rel}","templated":true}]}}